{"id":11,"date":"2016-02-15T15:59:19","date_gmt":"2016-02-15T15:59:19","guid":{"rendered":"http:\/\/impreza6.us-themes.com\/?page_id=11"},"modified":"2021-06-08T07:44:36","modified_gmt":"2021-06-08T07:44:36","slug":"catering","status":"publish","type":"page","link":"https:\/\/www.metzgerei-heindl.de\/index.php\/catering\/","title":{"rendered":"Catering"},"content":{"rendered":"<section class=\"l-section wpb_row height_medium\"><div class=\"l-section-h i-cf\"><div class=\"g-cols vc_row via_flex valign_top type_default stacking_default\"><div class=\"vc_col-sm-12 wpb_column vc_column_container\"><div class=\"vc_column-inner\"><div class=\"wpb_wrapper\"><div class=\"wpb_text_column\"><div class=\"wpb_wrapper\"><h1><strong>Catering<\/strong>, <strong>Partyservice<\/strong> oder <strong>Grillfeier &#8211; <\/strong>wir haben f\u00fcr Sie immer das Passende parat!<\/h1>\n<p>Eine Feier ist immer ein Ereignis, ein toller Anlass, um sich mit Freunden, Bekannten oder Kollegen zu unterhalten und zu am\u00fcsieren. F\u00fcr den Gastgeber bringt ein Fest meist auch viel <strong>STRESS<\/strong>! Vorbereitung, Planung und nat\u00fcrlich nicht zuletzt auch die Durchf\u00fchrung&#8230; das alles kostet viel von Ihrer kostbaren Zeit &#8211;<\/p>\n<p><strong>Zeit, die Sie auch mit Ihren G\u00e4sten verbringen k\u00f6nnten! <\/strong><u><br \/>\n<\/u><\/p>\n<p><strong>\u00dcberlassen Sie die Arbeit und den Stress doch einfach uns! <\/strong><\/p>\n<p>Unser leistungsstarker Partyservice k\u00fcmmert sich um alle Details Ihres Festes, vom Aperitif bis zum Dessert, von der Dekoration bis zum Personal. Dabei spielt es keine Rolle, ob Sie im famili\u00e4ren Rahmen zu Hause Ihre G\u00e4ste verw\u00f6hnen oder Ihrem Betriebsfest eine besondere Note verleihen wollen &#8211; Heindl&#8217;s Partyservice ist Ihr kompetenter Partner!<u><br \/>\n<\/u>Von 2 bis \u00fcber 1000 Personen bieten wir Ihnen den kompletten Service.<\/p>\n<p>Als Anregung haben wir Ihnen einen kleinen \u00dcberblick \u00fcber die vielf\u00e4ltigen kulinarischen M\u00f6glichkeiten eingestellt. Aber auch ausgefallene Kreationen und Rezepte sind f\u00fcr uns kein Problem, denn jedes Fest ist anders und wir helfen Ihnen Ihrem Fest eine pers\u00f6nliche Note zu geben.<\/p>\n<\/div><\/div><div class=\"w-separator size_medium\"><\/div><div class=\"wpb_text_column\"><div class=\"wpb_wrapper\"><h2><strong>Klicken Sie auf die Kategorien, um eine Auswahl der Spei\u00dfen zu sehen:<\/strong><\/h2>\n<\/div><\/div><\/div><\/div><\/div><\/div><\/div><\/section><section class=\"l-section wpb_row height_medium\"><div class=\"l-section-h i-cf\"><div class=\"g-cols vc_row via_flex valign_top type_default stacking_default\"><div class=\"vc_col-sm-4 wpb_column vc_column_container\"><div class=\"vc_column-inner\"><div class=\"wpb_wrapper\"><div class=\"w-popup w-btn-wrapper align_none\"><button class=\"w-popup-trigger type_btn w-btn us-btn-style_2\"><span class=\"w-btn-label\">Heindl\u00b4s Feinschmeckerbr\u00f6tchen<\/span><\/button><div class=\"w-popup-overlay\" style=\"background:rgba(0,0,0,0.85);\"><\/div><div class=\"w-popup-wrap\"><div class=\"w-popup-box animation_fadeIn with_title\" style=\"width:600px;\"><div class=\"w-popup-box-h\"><div class=\"w-popup-box-title\" style=\"color:var(--color-content-heading);background:var(--color-content-bg-alt);\">Heindl\u00b4s Feinschmeckerbr\u00f6tchen<\/div><div class=\"w-popup-box-content\" style=\"padding:5%;background:var(--color-content-bg);color:var(--color-content-text);\"><p>Backfrische Brotsorten bestrichen mit leckerem Hausmacher-Frischk\u00e4se, garniert mit knackigem Salat und fein belegt, nach Ihren individuellen W\u00fcnschen, das sind Heindl&#8217;s Feinschmeckerbr\u00f6tchen.<\/p>\n<\/div><\/div><\/div><div class=\"w-popup-closer\" style=\"background:var(--color-content-bg);color:var(--color-content-text);\"><\/div><\/div><\/div><div class=\"w-popup w-btn-wrapper align_none\"><button class=\"w-popup-trigger type_btn w-btn us-btn-style_2\"><span class=\"w-btn-label\">Gemischtes im Snack-Glas<\/span><\/button><div class=\"w-popup-overlay\" style=\"background:rgba(0,0,0,0.85);\"><\/div><div class=\"w-popup-wrap\"><div class=\"w-popup-box animation_fadeIn with_title\" style=\"width:600px;\"><div class=\"w-popup-box-h\"><div class=\"w-popup-box-title\" style=\"color:var(--color-content-heading);background:var(--color-content-bg-alt);\">Gemischtes im Snack-Glas<\/div><div class=\"w-popup-box-content\" style=\"padding:5%;background:var(--color-content-bg);color:var(--color-content-text);\"><ul>\n<li>Tortellini-Salat mit Schinken und Erbsen<\/li>\n<li>Leberk\u00e4sepl\u00e4tzchen mit Kartoffelsalat<\/li>\n<li>Kr\u00e4uterpfannkuchen mit getr\u00fcffeltem Schinken<\/li>\n<li>Schinken-Carpaccio mit B\u00e4rlauch- oder Basilikumcreme und Kirschtomate<\/li>\n<li>bayerischer Krautsalat mit\u00a0deftigem Hackb\u00e4llchen<\/li>\n<li>gekochter Tafelspitz mit Meerrettich- oder Preiselbeerso\u00dfe<\/li>\n<li>Crumble &#8218;Nizza-Art&#8216; mit Ziegenk\u00e4secreme<\/li>\n<li>Heindl&#8217;s feine Nudelsalate mit Joghurt-Mayonnaise, Essig-\u00d6l oder ital. Art<\/li>\n<li>feiner Curry-Reissalat mit H\u00fchnchen<\/li>\n<li>Schichtsalat<\/li>\n<li>Duo von Gorgonzola und Schinkenspeck<\/li>\n<li>Untergriesbacher Wei\u00dfwurst-Carpaccio mit K\u00fcrbiskernen<\/li>\n<\/ul>\n<p>und vieles mehr&#8230;<\/p>\n<\/div><\/div><\/div><div class=\"w-popup-closer\" style=\"background:var(--color-content-bg);color:var(--color-content-text);\"><\/div><\/div><\/div><div class=\"w-popup w-btn-wrapper align_none\"><button class=\"w-popup-trigger type_btn w-btn us-btn-style_2\"><span class=\"w-btn-label\">Fingerfood<\/span><\/button><div class=\"w-popup-overlay\" style=\"background:rgba(0,0,0,0.85);\"><\/div><div class=\"w-popup-wrap\"><div class=\"w-popup-box animation_fadeIn with_title\" style=\"width:600px;\"><div class=\"w-popup-box-h\"><div class=\"w-popup-box-title\" style=\"color:var(--color-content-heading);background:var(--color-content-bg-alt);\">Fingerfood<\/div><div class=\"w-popup-box-content\" style=\"padding:5%;background:var(--color-content-bg);color:var(--color-content-text);\"><ul>\n<li>hausgemachte Kartoffelpraline mit Speck und R\u00f6stzwiebeln<\/li>\n<li>feine ital. Knusperstange mit Parmaschinken<\/li>\n<li>Brotpralinen mit feinen hausgemachten Frischk\u00e4sespezialit\u00e4ten.<br \/>\nZur Auswahl stehen:<br \/>\n&#8211; Schnittlauchfrischk\u00e4se mit feinem Schnittlauch<br \/>\n&#8211; Frischk\u00e4se &#8218;Toskana&#8216; mit Knoblauch und getrockneten Tomaten<br \/>\n&#8211; Lachsfrischk\u00e4se mit frischem R\u00e4ucherlachs und Lauchzwiebeln<br \/>\n&#8211; B\u00e4rlauchfrischk\u00e4se &#8218;besonders fein&#8216;<br \/>\n&#8211; ital. Frischk\u00e4se mit Kirschtomaten und Basilikum<br \/>\n&#8211; Zigeunerfrischk\u00e4se mit Paprika, Chili, Knoblauch und Zwiebel<br \/>\n&#8211; cremiger Naturfrischk\u00e4se mit Fr\u00fcchten<br \/>\n&#8211; feiner Salamifrischk\u00e4se mit Rucola<br \/>\n&#8211; Pepperdewfrischk\u00e4se<br \/>\n&#8211; leckerer Schinken-Meerrettichfrischk\u00e4se<br \/>\n&#8211; Gartenkr\u00e4uterfrischk\u00e4se<br \/>\n&#8211; Fr\u00fchlingsfrischk\u00e4se<\/li>\n<li>feine Spie\u00dfchen mit<br \/>\n&#8211; Schinken und Melone<br \/>\n&#8211; K\u00e4se und frischen Fr\u00fcchten<br \/>\n&#8211; Tomate und Mozzarella<br \/>\n&#8211; Garnelen im Knusperteig<\/li>\n<li>gef\u00fcllte Tartelettes mit<br \/>\n&#8211; Zwiebeln und Speck<br \/>\n&#8211; Lauch<br \/>\n&#8211; Gartengem\u00fcse<br \/>\n&#8211; R\u00e4ucherlachs<br \/>\n&#8211; Kartoffelk\u00e4se mit ger\u00f6steten K\u00fcrbiskernen<\/li>\n<li>w\u00fcrzig s\u00fc\u00df-scharfe Pepperdew gef\u00fcllt mit Salamifrischk\u00e4se, Hackfleisch oder Rucolafrischk\u00e4se<\/li>\n<li>R\u00e4ucherlachspralinen mit Frischk\u00e4se und Pumpernickel<\/li>\n<li>Schlemmerschnecken mit Salami<\/li>\n<li>Pflaumen, Datteln und Feigen\u00a0im Speckmantel<\/li>\n<li>kleine feine Bl\u00e4tterteigtaschen, verschieden gef\u00fcllt<\/li>\n<\/ul>\n<p>und vieles mehr&#8230;<\/p>\n<\/div><\/div><\/div><div class=\"w-popup-closer\" style=\"background:var(--color-content-bg);color:var(--color-content-text);\"><\/div><\/div><\/div><\/div><\/div><\/div><div class=\"vc_col-sm-4 wpb_column vc_column_container\"><div class=\"vc_column-inner\"><div class=\"wpb_wrapper\"><div class=\"w-popup w-btn-wrapper align_none\"><button class=\"w-popup-trigger type_btn w-btn us-btn-style_2\"><span class=\"w-btn-label\">Knackige Salate<\/span><\/button><div class=\"w-popup-overlay\" style=\"background:rgba(0,0,0,0.85);\"><\/div><div class=\"w-popup-wrap\"><div class=\"w-popup-box animation_fadeIn with_title\" style=\"width:600px;\"><div class=\"w-popup-box-h\"><div class=\"w-popup-box-title\" style=\"color:var(--color-content-heading);background:#e3dbd0;\">Knackige Salate<\/div><div class=\"w-popup-box-content\" style=\"padding:5%;background:#e3dbd0;color:var(--color-content-text);\"><ul>\n<li>knackige Blattsalate der Saison mit hausgemachtem Dressing<\/li>\n<li>Tomatensalat mit Balsamicodressing<\/li>\n<li>Gurkensalat mit Sahne-Dill-Dressing<\/li>\n<li>Karottensalat mit Orangenvinaigrette<\/li>\n<li>Heindl\u00b4s feine Nudelsalate<\/li>\n<li>Schichtsalat<\/li>\n<li>Reissalat<\/li>\n<li>Meeresfr\u00fcchtesalat<\/li>\n<\/ul>\n<p>und vieles mehr&#8230;<\/p>\n<p><strong>\u00a0<\/strong><\/p>\n<\/div><\/div><\/div><div class=\"w-popup-closer\" style=\"background:#e3dbd0;color:var(--color-content-text);\"><\/div><\/div><\/div><div class=\"w-popup w-btn-wrapper align_none\"><button class=\"w-popup-trigger type_btn w-btn us-btn-style_2\"><span class=\"w-btn-label\">Fisch und Fleisch<\/span><\/button><div class=\"w-popup-overlay\" style=\"background:rgba(0,0,0,0.85);\"><\/div><div class=\"w-popup-wrap\"><div class=\"w-popup-box animation_fadeIn with_title\" style=\"width:600px;\"><div class=\"w-popup-box-h\"><div class=\"w-popup-box-title\" style=\"color:var(--color-content-heading);background:var(--color-content-bg-alt);\">Fisch und Fleisch<\/div><div class=\"w-popup-box-content\" style=\"padding:5%;background:var(--color-content-bg);color:var(--color-content-text);\"><ul>\n<li>Stroganoff vom Rinderfilet mit frischen Champignons, Essiggurken, Zwiebeln &#8211; dazu Reis, Nudeln, hausgemachte Sp\u00e4tzle oder R\u00f6stitaler<\/li>\n<li>J\u00e4gerschnitzel mit frischer Champignonrahmso\u00dfe, hausgemachten Buttersp\u00e4tzle oder R\u00f6stitaler<\/li>\n<li>leckere Nudeln aller Art mit verschiedenen So\u00dfen<\/li>\n<li>Bauernente, knusprig gebraten mit Reiberkn\u00f6del und Blaukraut<\/li>\n<li>Rinderfilet im Ganzen gebraten mit Mandel-Broccoli<br \/>\ndazu gro\u00dfe Folienkartoffel und Kr\u00e4uterquark<\/li>\n<li>knusprige Schweinshaxe mit Dunkelbierso\u00dfe, hausgemachtem Kraut und Kartoffelsalat<\/li>\n<li>zarte Schweineschnitzel aus der Lende, gebacken mit Kartoffel-Gurkensalat<\/li>\n<li>Heindl&#8217;s feine Braten. Knusprig und auf den Punkt gebraten:<br \/>\nHalsbraten, Surbraten, magerer Schweinebauch, Schweinelendchen mit Kruste, Rinderbraten, Kalbsbraten.<br \/>\nDazu empfehlen wir: Semmelkn\u00f6del, Kartoffelkn\u00f6del, Krautsalat, Kartoffelsalat, feines Gem\u00fcse der Saison und unsere leckere Bratenso\u00dfe<\/li>\n<li>Unser Partyservice-HIT:<br \/>\nSpanferkel im Ganzen gebraten mit Semmelkn\u00f6delf\u00fcllung,<br \/>\nBratlso\u00df&#8216; und hausgemachtem Krautsalat<\/li>\n<li>Schweine-, Rinder-, Kalbs-, Lamm- oder Putengulasch<br \/>\nmit Semmelkn\u00f6del oder Butternudeln<\/li>\n<li>feine Rahmbraten vom Rind, Kalb oder Pute<br \/>\nmit Kn\u00f6del und Gem\u00fcse der Saison<\/li>\n<li>Braten aller Art mit leckeren F\u00fcllungen, Kartoffelgratin sowie Salat<br \/>\nAls F\u00fcllungen bieten wir an:<br \/>\nPfifferling-, Brokkoli-, Kalbsbr\u00e4tf\u00fcllung, Brezenkn\u00f6del oder Semmelkn\u00f6delf\u00fcllung, Parmaschinken-Wei\u00dfbrot-Ei-F\u00fcllung, Frischk\u00e4se-Gem\u00fcsef\u00fcllung, Gem\u00fcse-Kalbsbr\u00e4tf\u00fcllung, B\u00e4rlauchbr\u00e4tf\u00fcllung<br \/>\nund viele andere&#8230;<\/li>\n<li>Schweine-, Kalbs-, Rinder- oder Putenfilet in feiner Kalbsbr\u00e4tfarce und Bl\u00e4tterteigmantel, dazu unser leckeres Kartoffelgratin<\/li>\n<li>gekochter Tafelspitz mit Meerettichso\u00dfe, Schnittlauchso\u00dfe oder feinem Apfel-Kren, dazu Bratkartoffeln<\/li>\n<li>ital. Medaillons vom Schweinefilet mit feiner Gem\u00fcseauflage und Sauce Hollandaise, dazu Kartoffelgratin<\/li>\n<li>Fischfilets aller Art im K\u00e4se-Ei-Teig, Kartoffelteig oder feiner Panade<\/li>\n<li>warme hausger\u00e4ucherte Forellen mit Meerrettich<\/li>\n<li>Zander im Speckmantel mit Zucchini-Risotto<\/li>\n<li>gebratenes Lachsfiletsteak mit Tr\u00fcffel-Tagliatelle und geschmorten Kirschtomaten<\/li>\n<\/ul>\n<p><strong>\u00a0<\/strong><\/p>\n<\/div><\/div><\/div><div class=\"w-popup-closer\" style=\"background:var(--color-content-bg);color:var(--color-content-text);\"><\/div><\/div><\/div><div class=\"w-popup w-btn-wrapper align_none\"><button class=\"w-popup-trigger type_btn w-btn us-btn-style_2\"><span class=\"w-btn-label\">Suppen und Vorspeisen<\/span><\/button><div class=\"w-popup-overlay\" style=\"background:rgba(0,0,0,0.85);\"><\/div><div class=\"w-popup-wrap\"><div class=\"w-popup-box animation_fadeIn with_title\" style=\"width:600px;\"><div class=\"w-popup-box-h\"><div class=\"w-popup-box-title\" style=\"color:var(--color-content-heading);background:var(--color-content-bg-alt);\">Suppen und Vorspeisen<\/div><div class=\"w-popup-box-content\" style=\"padding:5%;background:var(--color-content-bg);color:var(--color-content-text);\"><ul>\n<li>feine Minestrone<\/li>\n<li>Heindl\u00b4s feine Rindssuppe mit leckeren Einlagen.<br \/>\nW\u00e4hlen Sie selbst:<br \/>\n* Pfannkuchen * Lebersp\u00e4tzle * Leberkn\u00f6del * Br\u00e4tnockerl * B\u00e4rlauchbratnockerl * Sch\u00f6berl * Schinken-K\u00e4se-Sch\u00f6berl * Speckkn\u00f6del\u00a0 * Schinkenpfannkuchen *<\/li>\n<li>Cremesuppen aller Art<\/li>\n<li>hausgemachte Gulaschsuppe<\/li>\n<li>R\u00e4ucherfischteller mit Salatbouquet<\/li>\n<li>knackige Blattsalate mit Putenstreifen<\/li>\n<li>Tafelspitzs\u00fclzchen mit Toast und Salatbeilage<\/li>\n<li>Carpaccio vom Rinderfilet mit Rucola und Parmesan<\/li>\n<li>Carpaccio vom gekochten Tafelspitz mit Salatbouquet und Toast<br \/>\noder Meerrettichcreme mit Preiselbeeren<\/li>\n<\/ul>\n<p>und vieles mehr&#8230;<\/p>\n<\/div><\/div><\/div><div class=\"w-popup-closer\" style=\"background:var(--color-content-bg);color:var(--color-content-text);\"><\/div><\/div><\/div><\/div><\/div><\/div><div class=\"vc_col-sm-4 wpb_column vc_column_container\"><div class=\"vc_column-inner\"><div class=\"wpb_wrapper\"><div class=\"w-popup w-btn-wrapper align_none\"><button class=\"w-popup-trigger type_btn w-btn us-btn-style_2\"><span class=\"w-btn-label\">Grillplatten<\/span><\/button><div class=\"w-popup-overlay\" style=\"background:rgba(0,0,0,0.85);\"><\/div><div class=\"w-popup-wrap\"><div class=\"w-popup-box animation_fadeIn with_title\" style=\"width:600px;\"><div class=\"w-popup-box-h\"><div class=\"w-popup-box-title\" style=\"color:var(--color-content-heading);background:var(--color-content-bg-alt);\">Grillplatten<\/div><div class=\"w-popup-box-content\" style=\"padding:5%;background:var(--color-content-bg);color:var(--color-content-text);\"><p>IDEAL f\u00fcr Ihre Sommerparty!<\/p>\n<p>Unsere leckeren Fleisch- und W\u00fcrstlspezialit\u00e4ten in kleineren Portionen dekorativ auf eine Platte gelegt, mit F\u00e4hnchen beschriftet, garniert mit frischem<br \/>\nGrillgem\u00fcse &amp; Kr\u00e4uterbutter.<\/p>\n<p>Schon Probiert?<br \/>\nHalloumi-Grillk\u00e4se, unser Verkaufshit!<br \/>\nEin leckerer K\u00e4se aus Schafs-, Ziegen- und Kuhmilch f\u00fcr den Grill. Am Besten schmeckt er eingelegt in unser hauseigenes W\u00fcrz\u00f6l.<\/p>\n<\/div><\/div><\/div><div class=\"w-popup-closer\" style=\"background:var(--color-content-bg);color:var(--color-content-text);\"><\/div><\/div><\/div><div class=\"w-popup w-btn-wrapper align_none\"><button class=\"w-popup-trigger type_btn w-btn us-btn-style_2\"><span class=\"w-btn-label\">S\u00fc\u00dfe Verf\u00fchrungen<\/span><\/button><div class=\"w-popup-overlay\" style=\"background:rgba(0,0,0,0.85);\"><\/div><div class=\"w-popup-wrap\"><div class=\"w-popup-box animation_fadeIn with_title\" style=\"width:600px;\"><div class=\"w-popup-box-h\"><div class=\"w-popup-box-title\" style=\"color:var(--color-content-heading);background:var(--color-content-bg-alt);\">S\u00fc\u00dfe Verf\u00fchrungen<\/div><div class=\"w-popup-box-content\" style=\"padding:5%;background:var(--color-content-bg);color:var(--color-content-text);\"><ul>\n<li>Kokos-Mousse mit gelben Fr\u00fcchten<\/li>\n<li>Oma\u00b4s Quarkkn\u00f6del mit Erdbeeren<\/li>\n<li>hausgemachter Apfelrahmstrudel mit Vanilleeis<\/li>\n<li>feine Mandelcreme<\/li>\n<li>Grie\u00dfpudding mit Himbeeren<\/li>\n<li>Vanillecreme mit marinierten Fr\u00fcchten<\/li>\n<li>Heindl\u00b4s Obstsalat mit Passionsfrucht<\/li>\n<li>Amaretto Creme mit Knusperhaube<\/li>\n<li>feines Tiramisu<\/li>\n<li>Honigapfel mit Gew\u00fcrzkuchen<\/li>\n<li>Milchreis mit Himbeeren und Spekulatius<\/li>\n<li>leckere Kaffeecreme<\/li>\n<li>Erdbeeren mit Mascarponecreme<\/li>\n<li>karamellisierte Bananen mit Cr\u00e8me fraiche<\/li>\n<li>Panna Cotta mit Fr\u00fcchten<\/li>\n<li>feines Schokomousse von heller und dunkler Schokolade<\/li>\n<li>Eierlik\u00f6rcreme mit Amarena-Kirschen<\/li>\n<li>Schwarzwaldcreme mit Kirschen<\/li>\n<li>Zwetschgenkn\u00f6del auf Rotwein-Zwetschgenragout<\/li>\n<\/ul>\n<p><strong>\u00a0<\/strong><\/p>\n<\/div><\/div><\/div><div class=\"w-popup-closer\" style=\"background:var(--color-content-bg);color:var(--color-content-text);\"><\/div><\/div><\/div><\/div><\/div><\/div><\/div><\/div><\/section><section class=\"l-section wpb_row height_medium\"><div class=\"l-section-h i-cf\"><div class=\"g-cols vc_row via_flex valign_top type_default stacking_default\"><div class=\"vc_col-sm-12 wpb_column vc_column_container\"><div class=\"vc_column-inner\"><div class=\"wpb_wrapper\"><\/div><\/div><\/div><\/div><\/div><\/section>\n","protected":false},"excerpt":{"rendered":"Catering, Partyservice oder Grillfeier &#8211; wir haben f\u00fcr Sie immer das Passende parat! Eine Feier ist immer ein Ereignis, ein toller Anlass, um sich mit Freunden, Bekannten oder Kollegen zu unterhalten und zu am\u00fcsieren. F\u00fcr den Gastgeber bringt ein Fest meist auch viel STRESS! Vorbereitung, Planung und nat\u00fcrlich nicht zuletzt auch die Durchf\u00fchrung&#8230; das alles...","protected":false},"author":2,"featured_media":6099,"parent":0,"menu_order":0,"comment_status":"closed","ping_status":"closed","template":"","meta":{"footnotes":""},"class_list":["post-11","page","type-page","status-publish","has-post-thumbnail","hentry"],"yoast_head":"<!-- This site is optimized with the Yoast SEO plugin v19.8 - https:\/\/yoast.com\/wordpress\/plugins\/seo\/ -->\n<title>Catering und Partyservice im Landkreis Passau \/ Freyung und Umgebung<\/title>\n<meta name=\"description\" content=\"Catering, Partyservice oder Grillfeier \u2013 wir haben f\u00fcr Sie immer das Passende parat! Fingerfood - Grillplatten - Fisch - Fleisch - Salate uvm.\" \/>\n<meta name=\"robots\" content=\"index, follow, max-snippet:-1, max-image-preview:large, max-video-preview:-1\" \/>\n<link rel=\"canonical\" href=\"https:\/\/www.metzgerei-heindl.de\/index.php\/catering\/\" \/>\n<meta property=\"og:locale\" content=\"de_DE\" \/>\n<meta property=\"og:type\" content=\"article\" \/>\n<meta property=\"og:title\" content=\"Catering und Partyservice im Landkreis Passau \/ Freyung und Umgebung\" \/>\n<meta property=\"og:description\" content=\"Catering, Partyservice oder Grillfeier \u2013 wir haben f\u00fcr Sie immer das Passende parat! Fingerfood - Grillplatten - Fisch - Fleisch - Salate uvm.\" \/>\n<meta property=\"og:url\" content=\"https:\/\/www.metzgerei-heindl.de\/index.php\/catering\/\" \/>\n<meta property=\"og:site_name\" content=\"Metzgerei Heindl GmbH\" \/>\n<meta property=\"article:modified_time\" content=\"2021-06-08T07:44:36+00:00\" \/>\n<meta property=\"og:image\" content=\"https:\/\/www.metzgerei-heindl.de\/wp-content\/uploads\/2019\/08\/Metzgerei_Wurst_Fleisch-1.jpg\" \/>\n\t<meta property=\"og:image:width\" content=\"1500\" \/>\n\t<meta property=\"og:image:height\" content=\"734\" \/>\n\t<meta property=\"og:image:type\" content=\"image\/jpeg\" \/>\n<meta name=\"twitter:card\" content=\"summary_large_image\" \/>\n<meta name=\"twitter:label1\" content=\"Gesch\u00e4tzte Lesezeit\" \/>\n\t<meta name=\"twitter:data1\" content=\"4\u00a0Minuten\" \/>\n<script type=\"application\/ld+json\" class=\"yoast-schema-graph\">{\"@context\":\"https:\/\/schema.org\",\"@graph\":[{\"@type\":\"WebPage\",\"@id\":\"https:\/\/www.metzgerei-heindl.de\/index.php\/catering\/\",\"url\":\"https:\/\/www.metzgerei-heindl.de\/index.php\/catering\/\",\"name\":\"Catering und Partyservice im Landkreis Passau \/ Freyung und Umgebung\",\"isPartOf\":{\"@id\":\"https:\/\/www.metzgerei-heindl.de\/#website\"},\"datePublished\":\"2016-02-15T15:59:19+00:00\",\"dateModified\":\"2021-06-08T07:44:36+00:00\",\"description\":\"Catering, Partyservice oder Grillfeier \u2013 wir haben f\u00fcr Sie immer das Passende parat! Fingerfood - Grillplatten - Fisch - Fleisch - Salate uvm.\",\"breadcrumb\":{\"@id\":\"https:\/\/www.metzgerei-heindl.de\/index.php\/catering\/#breadcrumb\"},\"inLanguage\":\"de\",\"potentialAction\":[{\"@type\":\"ReadAction\",\"target\":[\"https:\/\/www.metzgerei-heindl.de\/index.php\/catering\/\"]}]},{\"@type\":\"BreadcrumbList\",\"@id\":\"https:\/\/www.metzgerei-heindl.de\/index.php\/catering\/#breadcrumb\",\"itemListElement\":[{\"@type\":\"ListItem\",\"position\":1,\"name\":\"Startseite\",\"item\":\"https:\/\/www.metzgerei-heindl.de\/\"},{\"@type\":\"ListItem\",\"position\":2,\"name\":\"Catering\"}]},{\"@type\":\"WebSite\",\"@id\":\"https:\/\/www.metzgerei-heindl.de\/#website\",\"url\":\"https:\/\/www.metzgerei-heindl.de\/\",\"name\":\"Metzgerei Heindl GmbH\",\"description\":\"\",\"potentialAction\":[{\"@type\":\"SearchAction\",\"target\":{\"@type\":\"EntryPoint\",\"urlTemplate\":\"https:\/\/www.metzgerei-heindl.de\/?s={search_term_string}\"},\"query-input\":\"required name=search_term_string\"}],\"inLanguage\":\"de\"}]}<\/script>\n<!-- \/ Yoast SEO plugin. -->","yoast_head_json":{"title":"Catering und Partyservice im Landkreis Passau \/ Freyung und Umgebung","description":"Catering, Partyservice oder Grillfeier \u2013 wir haben f\u00fcr Sie immer das Passende parat! Fingerfood - Grillplatten - Fisch - Fleisch - Salate uvm.","robots":{"index":"index","follow":"follow","max-snippet":"max-snippet:-1","max-image-preview":"max-image-preview:large","max-video-preview":"max-video-preview:-1"},"canonical":"https:\/\/www.metzgerei-heindl.de\/index.php\/catering\/","og_locale":"de_DE","og_type":"article","og_title":"Catering und Partyservice im Landkreis Passau \/ Freyung und Umgebung","og_description":"Catering, Partyservice oder Grillfeier \u2013 wir haben f\u00fcr Sie immer das Passende parat! Fingerfood - Grillplatten - Fisch - Fleisch - Salate uvm.","og_url":"https:\/\/www.metzgerei-heindl.de\/index.php\/catering\/","og_site_name":"Metzgerei Heindl GmbH","article_modified_time":"2021-06-08T07:44:36+00:00","og_image":[{"width":1500,"height":734,"url":"https:\/\/www.metzgerei-heindl.de\/wp-content\/uploads\/2019\/08\/Metzgerei_Wurst_Fleisch-1.jpg","type":"image\/jpeg"}],"twitter_card":"summary_large_image","twitter_misc":{"Gesch\u00e4tzte Lesezeit":"4\u00a0Minuten"},"schema":{"@context":"https:\/\/schema.org","@graph":[{"@type":"WebPage","@id":"https:\/\/www.metzgerei-heindl.de\/index.php\/catering\/","url":"https:\/\/www.metzgerei-heindl.de\/index.php\/catering\/","name":"Catering und Partyservice im Landkreis Passau \/ Freyung und Umgebung","isPartOf":{"@id":"https:\/\/www.metzgerei-heindl.de\/#website"},"datePublished":"2016-02-15T15:59:19+00:00","dateModified":"2021-06-08T07:44:36+00:00","description":"Catering, Partyservice oder Grillfeier \u2013 wir haben f\u00fcr Sie immer das Passende parat! Fingerfood - Grillplatten - Fisch - Fleisch - Salate uvm.","breadcrumb":{"@id":"https:\/\/www.metzgerei-heindl.de\/index.php\/catering\/#breadcrumb"},"inLanguage":"de","potentialAction":[{"@type":"ReadAction","target":["https:\/\/www.metzgerei-heindl.de\/index.php\/catering\/"]}]},{"@type":"BreadcrumbList","@id":"https:\/\/www.metzgerei-heindl.de\/index.php\/catering\/#breadcrumb","itemListElement":[{"@type":"ListItem","position":1,"name":"Startseite","item":"https:\/\/www.metzgerei-heindl.de\/"},{"@type":"ListItem","position":2,"name":"Catering"}]},{"@type":"WebSite","@id":"https:\/\/www.metzgerei-heindl.de\/#website","url":"https:\/\/www.metzgerei-heindl.de\/","name":"Metzgerei Heindl GmbH","description":"","potentialAction":[{"@type":"SearchAction","target":{"@type":"EntryPoint","urlTemplate":"https:\/\/www.metzgerei-heindl.de\/?s={search_term_string}"},"query-input":"required name=search_term_string"}],"inLanguage":"de"}]}},"_links":{"self":[{"href":"https:\/\/www.metzgerei-heindl.de\/index.php\/wp-json\/wp\/v2\/pages\/11","targetHints":{"allow":["GET"]}}],"collection":[{"href":"https:\/\/www.metzgerei-heindl.de\/index.php\/wp-json\/wp\/v2\/pages"}],"about":[{"href":"https:\/\/www.metzgerei-heindl.de\/index.php\/wp-json\/wp\/v2\/types\/page"}],"author":[{"embeddable":true,"href":"https:\/\/www.metzgerei-heindl.de\/index.php\/wp-json\/wp\/v2\/users\/2"}],"replies":[{"embeddable":true,"href":"https:\/\/www.metzgerei-heindl.de\/index.php\/wp-json\/wp\/v2\/comments?post=11"}],"version-history":[{"count":32,"href":"https:\/\/www.metzgerei-heindl.de\/index.php\/wp-json\/wp\/v2\/pages\/11\/revisions"}],"predecessor-version":[{"id":6418,"href":"https:\/\/www.metzgerei-heindl.de\/index.php\/wp-json\/wp\/v2\/pages\/11\/revisions\/6418"}],"wp:featuredmedia":[{"embeddable":true,"href":"https:\/\/www.metzgerei-heindl.de\/index.php\/wp-json\/wp\/v2\/media\/6099"}],"wp:attachment":[{"href":"https:\/\/www.metzgerei-heindl.de\/index.php\/wp-json\/wp\/v2\/media?parent=11"}],"curies":[{"name":"wp","href":"https:\/\/api.w.org\/{rel}","templated":true}]}}