{"id":1541,"date":"2016-06-21T13:08:53","date_gmt":"2016-06-21T13:08:53","guid":{"rendered":"http:\/\/impreza6.us-themes.com\/?page_id=1541"},"modified":"2019-11-24T21:01:58","modified_gmt":"2019-11-24T21:01:58","slug":"fischundfleisch","status":"publish","type":"page","link":"https:\/\/www.metzgerei-heindl.de\/index.php\/catering\/fischundfleisch\/","title":{"rendered":"Fisch und Fleisch"},"content":{"rendered":"<section class=\"l-section wpb_row height_medium\"><div class=\"l-section-h i-cf\"><div class=\"g-cols vc_row via_flex valign_top type_default stacking_default\"><div class=\"vc_col-sm-12 wpb_column vc_column_container\"><div class=\"vc_column-inner\"><div class=\"wpb_wrapper\"><div class=\"wpb_text_column\"><div class=\"wpb_wrapper\"><ul>\n<li>Stroganoff vom Rinderfilet mit frischen Champignons, Essiggurken, Zwiebeln \u2013 dazu Reis, Nudeln, hausgemachte Sp\u00e4tzle oder R\u00f6stitaler<\/li>\n<li>J\u00e4gerschnitzel mit frischer Champignonrahmso\u00dfe, hausgemachten Buttersp\u00e4tzle oder R\u00f6stitaler<\/li>\n<li>leckere Nudeln aller Art mit verschiedenen So\u00dfen<\/li>\n<li>Bauernente, knusprig gebraten mit Reiberkn\u00f6del und Blaukraut<\/li>\n<li>Rinderfilet im Ganzen gebraten mit Mandel-Broccoli<br \/>\ndazu gro\u00dfe Folienkartoffel und Kr\u00e4uterquark<\/li>\n<li>knusprige Schweinshaxe mit Dunkelbierso\u00dfe, hausgemachtem Kraut und Kartoffelsalat<\/li>\n<li>zarte Schweineschnitzel aus der Lende, gebacken mit Kartoffel-Gurkensalat<\/li>\n<li>Heindl\u2019s feine Braten. Knusprig und auf den Punkt gebraten:<br \/>\nHalsbraten, Surbraten, magerer Schweinebauch, Schweinelendchen mit Kruste, Rinderbraten, Kalbsbraten.<br \/>\nDazu empfehlen wir: Semmelkn\u00f6del, Kartoffelkn\u00f6del, Krautsalat, Kartoffelsalat, feines Gem\u00fcse der Saison und unsere leckere Bratenso\u00dfe<\/li>\n<li>Unser Partyservice-HIT:<br \/>\nSpanferkel im Ganzen gebraten mit Semmelkn\u00f6delf\u00fcllung,<br \/>\nBratlso\u00df\u2019 und hausgemachtem Krautsalat<\/li>\n<li>Schweine-, Rinder-, Kalbs-, Lamm- oder Putengulasch<br \/>\nmit Semmelkn\u00f6del oder Butternudeln<\/li>\n<li>feine Rahmbraten vom Rind, Kalb oder Pute<br \/>\nmit Kn\u00f6del und Gem\u00fcse der Saison<\/li>\n<li>Braten aller Art mit leckeren F\u00fcllungen, Kartoffelgratin sowie Salat<br \/>\nAls F\u00fcllungen bieten wir an:<br \/>\nPfifferling-, Brokkoli-, Kalbsbr\u00e4tf\u00fcllung, Brezenkn\u00f6del oder Semmelkn\u00f6delf\u00fcllung, Parmaschinken-Wei\u00dfbrot-Ei-F\u00fcllung, Frischk\u00e4se-Gem\u00fcsef\u00fcllung, Gem\u00fcse-Kalbsbr\u00e4tf\u00fcllung, B\u00e4rlauchbr\u00e4tf\u00fcllung<br \/>\nund viele andere\u2026<\/li>\n<li>Schweine-, Kalbs-, Rinder- oder Putenfilet in feiner Kalbsbr\u00e4tfarce und Bl\u00e4tterteigmantel, dazu unser leckeres Kartoffelgratin<\/li>\n<li>gekochter Tafelspitz mit Meerettichso\u00dfe, Schnittlauchso\u00dfe oder feinem Apfel-Kren, dazu Bratkartoffeln<\/li>\n<li>ital. Medaillons vom Schweinefilet mit feiner Gem\u00fcseauflage und Sauce Hollandaise, dazu Kartoffelgratin<\/li>\n<li>Fischfilets aller Art im K\u00e4se-Ei-Teig, Kartoffelteig oder feiner Panade<\/li>\n<li>warme hausger\u00e4ucherte Forellen mit Meerrettich<\/li>\n<li>Zander im Speckmantel mit Zucchini-Risotto<\/li>\n<li>gebratenes Lachsfiletsteak mit Tr\u00fcffel-Tagliatelle und geschmorten Kirschtomaten<\/li>\n<\/ul>\n<\/div><\/div><\/div><\/div><\/div><\/div><\/div><\/section>\n","protected":false},"excerpt":{"rendered":"Stroganoff vom Rinderfilet mit frischen Champignons, Essiggurken, Zwiebeln \u2013 dazu Reis, Nudeln, hausgemachte Sp\u00e4tzle oder R\u00f6stitaler J\u00e4gerschnitzel mit frischer Champignonrahmso\u00dfe, hausgemachten Buttersp\u00e4tzle oder R\u00f6stitaler leckere Nudeln aller Art mit verschiedenen So\u00dfen Bauernente, knusprig gebraten mit Reiberkn\u00f6del und Blaukraut Rinderfilet im Ganzen gebraten mit Mandel-Broccoli dazu gro\u00dfe Folienkartoffel und Kr\u00e4uterquark knusprige Schweinshaxe mit Dunkelbierso\u00dfe, hausgemachtem Kraut...","protected":false},"author":2,"featured_media":0,"parent":11,"menu_order":0,"comment_status":"closed","ping_status":"closed","template":"","meta":{"footnotes":""},"class_list":["post-1541","page","type-page","status-publish","hentry"],"yoast_head":"<!-- This site is optimized with the Yoast SEO plugin v19.8 - https:\/\/yoast.com\/wordpress\/plugins\/seo\/ -->\n<title>Fisch und Fleisch - Metzgerei Heindl GmbH<\/title>\n<meta name=\"robots\" content=\"index, follow, max-snippet:-1, max-image-preview:large, max-video-preview:-1\" \/>\n<link rel=\"canonical\" href=\"https:\/\/www.metzgerei-heindl.de\/index.php\/catering\/fischundfleisch\/\" \/>\n<meta property=\"og:locale\" content=\"de_DE\" \/>\n<meta property=\"og:type\" content=\"article\" \/>\n<meta property=\"og:title\" content=\"Fisch und Fleisch - Metzgerei Heindl GmbH\" \/>\n<meta property=\"og:url\" content=\"https:\/\/www.metzgerei-heindl.de\/index.php\/catering\/fischundfleisch\/\" \/>\n<meta property=\"og:site_name\" content=\"Metzgerei Heindl GmbH\" \/>\n<meta property=\"article:modified_time\" content=\"2019-11-24T21:01:58+00:00\" \/>\n<meta name=\"twitter:card\" content=\"summary_large_image\" \/>\n<meta name=\"twitter:label1\" content=\"Gesch\u00e4tzte Lesezeit\" \/>\n\t<meta name=\"twitter:data1\" content=\"1\u00a0Minute\" \/>\n<script type=\"application\/ld+json\" class=\"yoast-schema-graph\">{\"@context\":\"https:\/\/schema.org\",\"@graph\":[{\"@type\":\"WebPage\",\"@id\":\"https:\/\/www.metzgerei-heindl.de\/index.php\/catering\/fischundfleisch\/\",\"url\":\"https:\/\/www.metzgerei-heindl.de\/index.php\/catering\/fischundfleisch\/\",\"name\":\"Fisch und Fleisch - Metzgerei Heindl GmbH\",\"isPartOf\":{\"@id\":\"https:\/\/www.metzgerei-heindl.de\/#website\"},\"datePublished\":\"2016-06-21T13:08:53+00:00\",\"dateModified\":\"2019-11-24T21:01:58+00:00\",\"breadcrumb\":{\"@id\":\"https:\/\/www.metzgerei-heindl.de\/index.php\/catering\/fischundfleisch\/#breadcrumb\"},\"inLanguage\":\"de\",\"potentialAction\":[{\"@type\":\"ReadAction\",\"target\":[\"https:\/\/www.metzgerei-heindl.de\/index.php\/catering\/fischundfleisch\/\"]}]},{\"@type\":\"BreadcrumbList\",\"@id\":\"https:\/\/www.metzgerei-heindl.de\/index.php\/catering\/fischundfleisch\/#breadcrumb\",\"itemListElement\":[{\"@type\":\"ListItem\",\"position\":1,\"name\":\"Startseite\",\"item\":\"https:\/\/www.metzgerei-heindl.de\/\"},{\"@type\":\"ListItem\",\"position\":2,\"name\":\"Catering\",\"item\":\"https:\/\/www.metzgerei-heindl.de\/index.php\/catering\/\"},{\"@type\":\"ListItem\",\"position\":3,\"name\":\"Fisch und Fleisch\"}]},{\"@type\":\"WebSite\",\"@id\":\"https:\/\/www.metzgerei-heindl.de\/#website\",\"url\":\"https:\/\/www.metzgerei-heindl.de\/\",\"name\":\"Metzgerei Heindl GmbH\",\"description\":\"\",\"potentialAction\":[{\"@type\":\"SearchAction\",\"target\":{\"@type\":\"EntryPoint\",\"urlTemplate\":\"https:\/\/www.metzgerei-heindl.de\/?s={search_term_string}\"},\"query-input\":\"required name=search_term_string\"}],\"inLanguage\":\"de\"}]}<\/script>\n<!-- \/ Yoast SEO plugin. -->","yoast_head_json":{"title":"Fisch und Fleisch - Metzgerei Heindl GmbH","robots":{"index":"index","follow":"follow","max-snippet":"max-snippet:-1","max-image-preview":"max-image-preview:large","max-video-preview":"max-video-preview:-1"},"canonical":"https:\/\/www.metzgerei-heindl.de\/index.php\/catering\/fischundfleisch\/","og_locale":"de_DE","og_type":"article","og_title":"Fisch und Fleisch - Metzgerei Heindl GmbH","og_url":"https:\/\/www.metzgerei-heindl.de\/index.php\/catering\/fischundfleisch\/","og_site_name":"Metzgerei Heindl GmbH","article_modified_time":"2019-11-24T21:01:58+00:00","twitter_card":"summary_large_image","twitter_misc":{"Gesch\u00e4tzte Lesezeit":"1\u00a0Minute"},"schema":{"@context":"https:\/\/schema.org","@graph":[{"@type":"WebPage","@id":"https:\/\/www.metzgerei-heindl.de\/index.php\/catering\/fischundfleisch\/","url":"https:\/\/www.metzgerei-heindl.de\/index.php\/catering\/fischundfleisch\/","name":"Fisch und Fleisch - Metzgerei Heindl GmbH","isPartOf":{"@id":"https:\/\/www.metzgerei-heindl.de\/#website"},"datePublished":"2016-06-21T13:08:53+00:00","dateModified":"2019-11-24T21:01:58+00:00","breadcrumb":{"@id":"https:\/\/www.metzgerei-heindl.de\/index.php\/catering\/fischundfleisch\/#breadcrumb"},"inLanguage":"de","potentialAction":[{"@type":"ReadAction","target":["https:\/\/www.metzgerei-heindl.de\/index.php\/catering\/fischundfleisch\/"]}]},{"@type":"BreadcrumbList","@id":"https:\/\/www.metzgerei-heindl.de\/index.php\/catering\/fischundfleisch\/#breadcrumb","itemListElement":[{"@type":"ListItem","position":1,"name":"Startseite","item":"https:\/\/www.metzgerei-heindl.de\/"},{"@type":"ListItem","position":2,"name":"Catering","item":"https:\/\/www.metzgerei-heindl.de\/index.php\/catering\/"},{"@type":"ListItem","position":3,"name":"Fisch und Fleisch"}]},{"@type":"WebSite","@id":"https:\/\/www.metzgerei-heindl.de\/#website","url":"https:\/\/www.metzgerei-heindl.de\/","name":"Metzgerei Heindl GmbH","description":"","potentialAction":[{"@type":"SearchAction","target":{"@type":"EntryPoint","urlTemplate":"https:\/\/www.metzgerei-heindl.de\/?s={search_term_string}"},"query-input":"required name=search_term_string"}],"inLanguage":"de"}]}},"_links":{"self":[{"href":"https:\/\/www.metzgerei-heindl.de\/index.php\/wp-json\/wp\/v2\/pages\/1541","targetHints":{"allow":["GET"]}}],"collection":[{"href":"https:\/\/www.metzgerei-heindl.de\/index.php\/wp-json\/wp\/v2\/pages"}],"about":[{"href":"https:\/\/www.metzgerei-heindl.de\/index.php\/wp-json\/wp\/v2\/types\/page"}],"author":[{"embeddable":true,"href":"https:\/\/www.metzgerei-heindl.de\/index.php\/wp-json\/wp\/v2\/users\/2"}],"replies":[{"embeddable":true,"href":"https:\/\/www.metzgerei-heindl.de\/index.php\/wp-json\/wp\/v2\/comments?post=1541"}],"version-history":[{"count":2,"href":"https:\/\/www.metzgerei-heindl.de\/index.php\/wp-json\/wp\/v2\/pages\/1541\/revisions"}],"predecessor-version":[{"id":6335,"href":"https:\/\/www.metzgerei-heindl.de\/index.php\/wp-json\/wp\/v2\/pages\/1541\/revisions\/6335"}],"up":[{"embeddable":true,"href":"https:\/\/www.metzgerei-heindl.de\/index.php\/wp-json\/wp\/v2\/pages\/11"}],"wp:attachment":[{"href":"https:\/\/www.metzgerei-heindl.de\/index.php\/wp-json\/wp\/v2\/media?parent=1541"}],"curies":[{"name":"wp","href":"https:\/\/api.w.org\/{rel}","templated":true}]}}