{"id":1546,"date":"2016-06-21T13:16:43","date_gmt":"2016-06-21T13:16:43","guid":{"rendered":"http:\/\/impreza6.us-themes.com\/?page_id=1546"},"modified":"2019-11-24T21:01:11","modified_gmt":"2019-11-24T21:01:11","slug":"fingerfood","status":"publish","type":"page","link":"https:\/\/www.metzgerei-heindl.de\/index.php\/catering\/fingerfood\/","title":{"rendered":"Fingerfood"},"content":{"rendered":"<section class=\"l-section wpb_row height_medium\"><div class=\"l-section-h i-cf\"><div class=\"g-cols vc_row via_flex valign_top type_default stacking_default\"><div class=\"vc_col-sm-12 wpb_column vc_column_container\"><div class=\"vc_column-inner\"><div class=\"wpb_wrapper\"><div class=\"wpb_text_column\"><div class=\"wpb_wrapper\"><div class=\"w-popup-box-content\">\n<ul>\n<li>hausgemachte Kartoffelpraline mit Speck und R\u00f6stzwiebeln<\/li>\n<li>feine ital. Knusperstange mit Parmaschinken<\/li>\n<li>Brotpralinen mit feinen hausgemachten Frischk\u00e4sespezialit\u00e4ten.<br \/>\nZur Auswahl stehen:<br \/>\n\u2013 Schnittlauchfrischk\u00e4se mit feinem Schnittlauch<br \/>\n\u2013 Frischk\u00e4se \u2018Toskana\u2019 mit Knoblauch und getrockneten Tomaten<br \/>\n\u2013 Lachsfrischk\u00e4se mit frischem R\u00e4ucherlachs und Lauchzwiebeln<br \/>\n\u2013 B\u00e4rlauchfrischk\u00e4se \u2018besonders fein\u2019<br \/>\n\u2013 ital. Frischk\u00e4se mit Kirschtomaten und Basilikum<br \/>\n\u2013 Zigeunerfrischk\u00e4se mit Paprika, Chili, Knoblauch und Zwiebel<br \/>\n\u2013 cremiger Naturfrischk\u00e4se mit Fr\u00fcchten<br \/>\n\u2013 feiner Salamifrischk\u00e4se mit Rucola<br \/>\n\u2013 Pepperdewfrischk\u00e4se<br \/>\n\u2013 leckerer Schinken-Meerrettichfrischk\u00e4se<br \/>\n\u2013 Gartenkr\u00e4uterfrischk\u00e4se<br \/>\n\u2013 Fr\u00fchlingsfrischk\u00e4se<\/li>\n<li>feine Spie\u00dfchen mit<br \/>\n\u2013 Schinken und Melone<br \/>\n\u2013 K\u00e4se und frischen Fr\u00fcchten<br \/>\n\u2013 Tomate und Mozzarella<br \/>\n\u2013 Garnelen im Knusperteig<\/li>\n<li>gef\u00fcllte Tartelettes mit<br \/>\n\u2013 Zwiebeln und Speck<br \/>\n\u2013 Lauch<br \/>\n\u2013 Gartengem\u00fcse<br \/>\n\u2013 R\u00e4ucherlachs<br \/>\n\u2013 Kartoffelk\u00e4se mit ger\u00f6steten K\u00fcrbiskernen<\/li>\n<li>w\u00fcrzig s\u00fc\u00df-scharfe Pepperdew gef\u00fcllt mit Salamifrischk\u00e4se, Hackfleisch oder Rucolafrischk\u00e4se<\/li>\n<li>R\u00e4ucherlachspralinen mit Frischk\u00e4se und Pumpernickel<\/li>\n<li>Schlemmerschnecken mit Salami<\/li>\n<li>Pflaumen, Datteln und Feigen\u00a0im Speckmantel<\/li>\n<li>kleine feine Bl\u00e4tterteigtaschen, verschieden gef\u00fcllt<\/li>\n<\/ul>\n<p>und vieles mehr\u2026<\/p>\n<\/div>\n<\/div><\/div><\/div><\/div><\/div><\/div><\/div><\/section>\n","protected":false},"excerpt":{"rendered":"hausgemachte Kartoffelpraline mit Speck und R\u00f6stzwiebeln feine ital. Knusperstange mit Parmaschinken Brotpralinen mit feinen hausgemachten Frischk\u00e4sespezialit\u00e4ten. Zur Auswahl stehen: \u2013 Schnittlauchfrischk\u00e4se mit feinem Schnittlauch \u2013 Frischk\u00e4se \u2018Toskana\u2019 mit Knoblauch und getrockneten Tomaten \u2013 Lachsfrischk\u00e4se mit frischem R\u00e4ucherlachs und Lauchzwiebeln \u2013 B\u00e4rlauchfrischk\u00e4se \u2018besonders fein\u2019 \u2013 ital. Frischk\u00e4se mit Kirschtomaten und Basilikum \u2013 Zigeunerfrischk\u00e4se mit Paprika, Chili,...","protected":false},"author":2,"featured_media":0,"parent":11,"menu_order":0,"comment_status":"closed","ping_status":"closed","template":"","meta":{"footnotes":""},"class_list":["post-1546","page","type-page","status-publish","hentry"],"yoast_head":"<!-- This site is optimized with the Yoast SEO plugin v19.8 - https:\/\/yoast.com\/wordpress\/plugins\/seo\/ -->\n<title>Fingerfood - Metzgerei Heindl GmbH<\/title>\n<meta name=\"robots\" content=\"index, follow, max-snippet:-1, max-image-preview:large, max-video-preview:-1\" \/>\n<link rel=\"canonical\" href=\"https:\/\/www.metzgerei-heindl.de\/index.php\/catering\/fingerfood\/\" \/>\n<meta property=\"og:locale\" content=\"de_DE\" \/>\n<meta property=\"og:type\" content=\"article\" \/>\n<meta property=\"og:title\" content=\"Fingerfood - Metzgerei Heindl GmbH\" \/>\n<meta property=\"og:url\" content=\"https:\/\/www.metzgerei-heindl.de\/index.php\/catering\/fingerfood\/\" \/>\n<meta property=\"og:site_name\" content=\"Metzgerei Heindl GmbH\" \/>\n<meta property=\"article:modified_time\" content=\"2019-11-24T21:01:11+00:00\" \/>\n<meta name=\"twitter:card\" content=\"summary_large_image\" \/>\n<meta name=\"twitter:label1\" content=\"Gesch\u00e4tzte Lesezeit\" \/>\n\t<meta name=\"twitter:data1\" content=\"1\u00a0Minute\" \/>\n<script type=\"application\/ld+json\" class=\"yoast-schema-graph\">{\"@context\":\"https:\/\/schema.org\",\"@graph\":[{\"@type\":\"WebPage\",\"@id\":\"https:\/\/www.metzgerei-heindl.de\/index.php\/catering\/fingerfood\/\",\"url\":\"https:\/\/www.metzgerei-heindl.de\/index.php\/catering\/fingerfood\/\",\"name\":\"Fingerfood - Metzgerei Heindl GmbH\",\"isPartOf\":{\"@id\":\"https:\/\/www.metzgerei-heindl.de\/#website\"},\"datePublished\":\"2016-06-21T13:16:43+00:00\",\"dateModified\":\"2019-11-24T21:01:11+00:00\",\"breadcrumb\":{\"@id\":\"https:\/\/www.metzgerei-heindl.de\/index.php\/catering\/fingerfood\/#breadcrumb\"},\"inLanguage\":\"de\",\"potentialAction\":[{\"@type\":\"ReadAction\",\"target\":[\"https:\/\/www.metzgerei-heindl.de\/index.php\/catering\/fingerfood\/\"]}]},{\"@type\":\"BreadcrumbList\",\"@id\":\"https:\/\/www.metzgerei-heindl.de\/index.php\/catering\/fingerfood\/#breadcrumb\",\"itemListElement\":[{\"@type\":\"ListItem\",\"position\":1,\"name\":\"Startseite\",\"item\":\"https:\/\/www.metzgerei-heindl.de\/\"},{\"@type\":\"ListItem\",\"position\":2,\"name\":\"Catering\",\"item\":\"https:\/\/www.metzgerei-heindl.de\/index.php\/catering\/\"},{\"@type\":\"ListItem\",\"position\":3,\"name\":\"Fingerfood\"}]},{\"@type\":\"WebSite\",\"@id\":\"https:\/\/www.metzgerei-heindl.de\/#website\",\"url\":\"https:\/\/www.metzgerei-heindl.de\/\",\"name\":\"Metzgerei Heindl GmbH\",\"description\":\"\",\"potentialAction\":[{\"@type\":\"SearchAction\",\"target\":{\"@type\":\"EntryPoint\",\"urlTemplate\":\"https:\/\/www.metzgerei-heindl.de\/?s={search_term_string}\"},\"query-input\":\"required name=search_term_string\"}],\"inLanguage\":\"de\"}]}<\/script>\n<!-- \/ Yoast SEO plugin. -->","yoast_head_json":{"title":"Fingerfood - Metzgerei Heindl GmbH","robots":{"index":"index","follow":"follow","max-snippet":"max-snippet:-1","max-image-preview":"max-image-preview:large","max-video-preview":"max-video-preview:-1"},"canonical":"https:\/\/www.metzgerei-heindl.de\/index.php\/catering\/fingerfood\/","og_locale":"de_DE","og_type":"article","og_title":"Fingerfood - Metzgerei Heindl GmbH","og_url":"https:\/\/www.metzgerei-heindl.de\/index.php\/catering\/fingerfood\/","og_site_name":"Metzgerei Heindl GmbH","article_modified_time":"2019-11-24T21:01:11+00:00","twitter_card":"summary_large_image","twitter_misc":{"Gesch\u00e4tzte Lesezeit":"1\u00a0Minute"},"schema":{"@context":"https:\/\/schema.org","@graph":[{"@type":"WebPage","@id":"https:\/\/www.metzgerei-heindl.de\/index.php\/catering\/fingerfood\/","url":"https:\/\/www.metzgerei-heindl.de\/index.php\/catering\/fingerfood\/","name":"Fingerfood - Metzgerei Heindl GmbH","isPartOf":{"@id":"https:\/\/www.metzgerei-heindl.de\/#website"},"datePublished":"2016-06-21T13:16:43+00:00","dateModified":"2019-11-24T21:01:11+00:00","breadcrumb":{"@id":"https:\/\/www.metzgerei-heindl.de\/index.php\/catering\/fingerfood\/#breadcrumb"},"inLanguage":"de","potentialAction":[{"@type":"ReadAction","target":["https:\/\/www.metzgerei-heindl.de\/index.php\/catering\/fingerfood\/"]}]},{"@type":"BreadcrumbList","@id":"https:\/\/www.metzgerei-heindl.de\/index.php\/catering\/fingerfood\/#breadcrumb","itemListElement":[{"@type":"ListItem","position":1,"name":"Startseite","item":"https:\/\/www.metzgerei-heindl.de\/"},{"@type":"ListItem","position":2,"name":"Catering","item":"https:\/\/www.metzgerei-heindl.de\/index.php\/catering\/"},{"@type":"ListItem","position":3,"name":"Fingerfood"}]},{"@type":"WebSite","@id":"https:\/\/www.metzgerei-heindl.de\/#website","url":"https:\/\/www.metzgerei-heindl.de\/","name":"Metzgerei Heindl GmbH","description":"","potentialAction":[{"@type":"SearchAction","target":{"@type":"EntryPoint","urlTemplate":"https:\/\/www.metzgerei-heindl.de\/?s={search_term_string}"},"query-input":"required name=search_term_string"}],"inLanguage":"de"}]}},"_links":{"self":[{"href":"https:\/\/www.metzgerei-heindl.de\/index.php\/wp-json\/wp\/v2\/pages\/1546","targetHints":{"allow":["GET"]}}],"collection":[{"href":"https:\/\/www.metzgerei-heindl.de\/index.php\/wp-json\/wp\/v2\/pages"}],"about":[{"href":"https:\/\/www.metzgerei-heindl.de\/index.php\/wp-json\/wp\/v2\/types\/page"}],"author":[{"embeddable":true,"href":"https:\/\/www.metzgerei-heindl.de\/index.php\/wp-json\/wp\/v2\/users\/2"}],"replies":[{"embeddable":true,"href":"https:\/\/www.metzgerei-heindl.de\/index.php\/wp-json\/wp\/v2\/comments?post=1546"}],"version-history":[{"count":2,"href":"https:\/\/www.metzgerei-heindl.de\/index.php\/wp-json\/wp\/v2\/pages\/1546\/revisions"}],"predecessor-version":[{"id":6334,"href":"https:\/\/www.metzgerei-heindl.de\/index.php\/wp-json\/wp\/v2\/pages\/1546\/revisions\/6334"}],"up":[{"embeddable":true,"href":"https:\/\/www.metzgerei-heindl.de\/index.php\/wp-json\/wp\/v2\/pages\/11"}],"wp:attachment":[{"href":"https:\/\/www.metzgerei-heindl.de\/index.php\/wp-json\/wp\/v2\/media?parent=1546"}],"curies":[{"name":"wp","href":"https:\/\/api.w.org\/{rel}","templated":true}]}}