{"id":1556,"date":"2016-06-21T13:29:27","date_gmt":"2016-06-21T13:29:27","guid":{"rendered":"http:\/\/impreza6.us-themes.com\/?page_id=1556"},"modified":"2019-11-24T21:08:16","modified_gmt":"2019-11-24T21:08:16","slug":"grillplatten","status":"publish","type":"page","link":"https:\/\/www.metzgerei-heindl.de\/index.php\/catering\/grillplatten\/","title":{"rendered":"Grillplatten"},"content":{"rendered":"<section class=\"l-section wpb_row height_medium\"><div class=\"l-section-h i-cf\"><div class=\"g-cols vc_row via_flex valign_top type_default stacking_default\"><div class=\"vc_col-sm-12 wpb_column vc_column_container\"><div class=\"vc_column-inner\"><div class=\"wpb_wrapper\"><div class=\"wpb_text_column\"><div class=\"wpb_wrapper\"><div class=\"w-popup-box-content\">\n<p>IDEAL f\u00fcr Ihre Sommerparty!<\/p>\n<p>Unsere leckeren Fleisch- und W\u00fcrstlspezialit\u00e4ten in kleineren Portionen dekorativ auf eine Platte gelegt, mit F\u00e4hnchen beschriftet, garniert mit frischem Grillgem\u00fcse und Kr\u00e4uterbutter.<\/p>\n<p>Schon Probiert?<br \/>\nHalloumi-Grillk\u00e4se, unser Verkaufshit!<br \/>\nEin leckerer K\u00e4se aus Schafs-, Ziegen- und Kuhmilch f\u00fcr den Grill. Am Besten schmeckt er eingelegt in unser hauseigenes W\u00fcrz\u00f6l.<\/p>\n<\/div>\n<\/div><\/div><\/div><\/div><\/div><\/div><\/div><\/section>\n","protected":false},"excerpt":{"rendered":"IDEAL f\u00fcr Ihre Sommerparty! Unsere leckeren Fleisch- und W\u00fcrstlspezialit\u00e4ten in kleineren Portionen dekorativ auf eine Platte gelegt, mit F\u00e4hnchen beschriftet, garniert mit frischem Grillgem\u00fcse und Kr\u00e4uterbutter. Schon Probiert? Halloumi-Grillk\u00e4se, unser Verkaufshit! Ein leckerer K\u00e4se aus Schafs-, Ziegen- und Kuhmilch f\u00fcr den Grill. Am Besten schmeckt er eingelegt in unser hauseigenes W\u00fcrz\u00f6l.","protected":false},"author":2,"featured_media":0,"parent":11,"menu_order":0,"comment_status":"closed","ping_status":"closed","template":"","meta":{"footnotes":""},"class_list":["post-1556","page","type-page","status-publish","hentry"],"yoast_head":"<!-- This site is optimized with the Yoast SEO plugin v19.8 - https:\/\/yoast.com\/wordpress\/plugins\/seo\/ -->\n<title>Grillplatten - Metzgerei Heindl GmbH<\/title>\n<meta name=\"robots\" content=\"index, follow, max-snippet:-1, max-image-preview:large, max-video-preview:-1\" \/>\n<link rel=\"canonical\" href=\"https:\/\/www.metzgerei-heindl.de\/index.php\/catering\/grillplatten\/\" \/>\n<meta property=\"og:locale\" content=\"de_DE\" \/>\n<meta property=\"og:type\" content=\"article\" \/>\n<meta property=\"og:title\" content=\"Grillplatten - Metzgerei Heindl GmbH\" \/>\n<meta property=\"og:url\" content=\"https:\/\/www.metzgerei-heindl.de\/index.php\/catering\/grillplatten\/\" \/>\n<meta property=\"og:site_name\" content=\"Metzgerei Heindl GmbH\" \/>\n<meta property=\"article:modified_time\" content=\"2019-11-24T21:08:16+00:00\" \/>\n<meta name=\"twitter:card\" content=\"summary_large_image\" \/>\n<script type=\"application\/ld+json\" class=\"yoast-schema-graph\">{\"@context\":\"https:\/\/schema.org\",\"@graph\":[{\"@type\":\"WebPage\",\"@id\":\"https:\/\/www.metzgerei-heindl.de\/index.php\/catering\/grillplatten\/\",\"url\":\"https:\/\/www.metzgerei-heindl.de\/index.php\/catering\/grillplatten\/\",\"name\":\"Grillplatten - Metzgerei Heindl GmbH\",\"isPartOf\":{\"@id\":\"https:\/\/www.metzgerei-heindl.de\/#website\"},\"datePublished\":\"2016-06-21T13:29:27+00:00\",\"dateModified\":\"2019-11-24T21:08:16+00:00\",\"breadcrumb\":{\"@id\":\"https:\/\/www.metzgerei-heindl.de\/index.php\/catering\/grillplatten\/#breadcrumb\"},\"inLanguage\":\"de\",\"potentialAction\":[{\"@type\":\"ReadAction\",\"target\":[\"https:\/\/www.metzgerei-heindl.de\/index.php\/catering\/grillplatten\/\"]}]},{\"@type\":\"BreadcrumbList\",\"@id\":\"https:\/\/www.metzgerei-heindl.de\/index.php\/catering\/grillplatten\/#breadcrumb\",\"itemListElement\":[{\"@type\":\"ListItem\",\"position\":1,\"name\":\"Startseite\",\"item\":\"https:\/\/www.metzgerei-heindl.de\/\"},{\"@type\":\"ListItem\",\"position\":2,\"name\":\"Catering\",\"item\":\"https:\/\/www.metzgerei-heindl.de\/index.php\/catering\/\"},{\"@type\":\"ListItem\",\"position\":3,\"name\":\"Grillplatten\"}]},{\"@type\":\"WebSite\",\"@id\":\"https:\/\/www.metzgerei-heindl.de\/#website\",\"url\":\"https:\/\/www.metzgerei-heindl.de\/\",\"name\":\"Metzgerei Heindl GmbH\",\"description\":\"\",\"potentialAction\":[{\"@type\":\"SearchAction\",\"target\":{\"@type\":\"EntryPoint\",\"urlTemplate\":\"https:\/\/www.metzgerei-heindl.de\/?s={search_term_string}\"},\"query-input\":\"required name=search_term_string\"}],\"inLanguage\":\"de\"}]}<\/script>\n<!-- \/ Yoast SEO plugin. -->","yoast_head_json":{"title":"Grillplatten - Metzgerei Heindl GmbH","robots":{"index":"index","follow":"follow","max-snippet":"max-snippet:-1","max-image-preview":"max-image-preview:large","max-video-preview":"max-video-preview:-1"},"canonical":"https:\/\/www.metzgerei-heindl.de\/index.php\/catering\/grillplatten\/","og_locale":"de_DE","og_type":"article","og_title":"Grillplatten - Metzgerei Heindl GmbH","og_url":"https:\/\/www.metzgerei-heindl.de\/index.php\/catering\/grillplatten\/","og_site_name":"Metzgerei Heindl GmbH","article_modified_time":"2019-11-24T21:08:16+00:00","twitter_card":"summary_large_image","schema":{"@context":"https:\/\/schema.org","@graph":[{"@type":"WebPage","@id":"https:\/\/www.metzgerei-heindl.de\/index.php\/catering\/grillplatten\/","url":"https:\/\/www.metzgerei-heindl.de\/index.php\/catering\/grillplatten\/","name":"Grillplatten - Metzgerei Heindl GmbH","isPartOf":{"@id":"https:\/\/www.metzgerei-heindl.de\/#website"},"datePublished":"2016-06-21T13:29:27+00:00","dateModified":"2019-11-24T21:08:16+00:00","breadcrumb":{"@id":"https:\/\/www.metzgerei-heindl.de\/index.php\/catering\/grillplatten\/#breadcrumb"},"inLanguage":"de","potentialAction":[{"@type":"ReadAction","target":["https:\/\/www.metzgerei-heindl.de\/index.php\/catering\/grillplatten\/"]}]},{"@type":"BreadcrumbList","@id":"https:\/\/www.metzgerei-heindl.de\/index.php\/catering\/grillplatten\/#breadcrumb","itemListElement":[{"@type":"ListItem","position":1,"name":"Startseite","item":"https:\/\/www.metzgerei-heindl.de\/"},{"@type":"ListItem","position":2,"name":"Catering","item":"https:\/\/www.metzgerei-heindl.de\/index.php\/catering\/"},{"@type":"ListItem","position":3,"name":"Grillplatten"}]},{"@type":"WebSite","@id":"https:\/\/www.metzgerei-heindl.de\/#website","url":"https:\/\/www.metzgerei-heindl.de\/","name":"Metzgerei Heindl GmbH","description":"","potentialAction":[{"@type":"SearchAction","target":{"@type":"EntryPoint","urlTemplate":"https:\/\/www.metzgerei-heindl.de\/?s={search_term_string}"},"query-input":"required name=search_term_string"}],"inLanguage":"de"}]}},"_links":{"self":[{"href":"https:\/\/www.metzgerei-heindl.de\/index.php\/wp-json\/wp\/v2\/pages\/1556","targetHints":{"allow":["GET"]}}],"collection":[{"href":"https:\/\/www.metzgerei-heindl.de\/index.php\/wp-json\/wp\/v2\/pages"}],"about":[{"href":"https:\/\/www.metzgerei-heindl.de\/index.php\/wp-json\/wp\/v2\/types\/page"}],"author":[{"embeddable":true,"href":"https:\/\/www.metzgerei-heindl.de\/index.php\/wp-json\/wp\/v2\/users\/2"}],"replies":[{"embeddable":true,"href":"https:\/\/www.metzgerei-heindl.de\/index.php\/wp-json\/wp\/v2\/comments?post=1556"}],"version-history":[{"count":4,"href":"https:\/\/www.metzgerei-heindl.de\/index.php\/wp-json\/wp\/v2\/pages\/1556\/revisions"}],"predecessor-version":[{"id":6341,"href":"https:\/\/www.metzgerei-heindl.de\/index.php\/wp-json\/wp\/v2\/pages\/1556\/revisions\/6341"}],"up":[{"embeddable":true,"href":"https:\/\/www.metzgerei-heindl.de\/index.php\/wp-json\/wp\/v2\/pages\/11"}],"wp:attachment":[{"href":"https:\/\/www.metzgerei-heindl.de\/index.php\/wp-json\/wp\/v2\/media?parent=1556"}],"curies":[{"name":"wp","href":"https:\/\/api.w.org\/{rel}","templated":true}]}}