{"id":1560,"date":"2016-06-21T13:33:18","date_gmt":"2016-06-21T13:33:18","guid":{"rendered":"http:\/\/impreza6.us-themes.com\/?page_id=1560"},"modified":"2019-11-24T21:05:30","modified_gmt":"2019-11-24T21:05:30","slug":"suppen","status":"publish","type":"page","link":"https:\/\/www.metzgerei-heindl.de\/index.php\/catering\/suppen\/","title":{"rendered":"Suppen und Vorspeisen"},"content":{"rendered":"<section class=\"l-section wpb_row height_medium\"><div class=\"l-section-h i-cf\"><div class=\"g-cols vc_row via_flex valign_top type_default stacking_default\"><div class=\"vc_col-sm-12 wpb_column vc_column_container\"><div class=\"vc_column-inner\"><div class=\"wpb_wrapper\"><div class=\"wpb_text_column\"><div class=\"wpb_wrapper\"><div class=\"w-popup-box-content\">\n<ul>\n<li>feine Minestrone<\/li>\n<li>Heindl\u00b4s feine Rindssuppe mit leckeren Einlagen.<br \/>\nW\u00e4hlen Sie selbst:<br \/>\n* Pfannkuchen * Lebersp\u00e4tzle * Leberkn\u00f6del * Br\u00e4tnockerl * B\u00e4rlauchbratnockerl * Sch\u00f6berl * Schinken-K\u00e4se-Sch\u00f6berl * Speckkn\u00f6del\u00a0 * Schinkenpfannkuchen *<\/li>\n<li>Cremesuppen aller Art<\/li>\n<li>hausgemachte Gulaschsuppe<\/li>\n<li>R\u00e4ucherfischteller mit Salatbouquet<\/li>\n<li>knackige Blattsalate mit Putenstreifen<\/li>\n<li>Tafelspitzs\u00fclzchen mit Toast und Salatbeilage<\/li>\n<li>Carpaccio vom Rinderfilet mit Rucola und Parmesan<\/li>\n<li>Carpaccio vom gekochten Tafelspitz mit Salatbouquet und Toast<br \/>\noder Meerrettichcreme mit Preiselbeeren<\/li>\n<\/ul>\n<p>und vieles mehr\u2026<\/p>\n<\/div>\n<\/div><\/div><\/div><\/div><\/div><\/div><\/div><\/section>\n","protected":false},"excerpt":{"rendered":"feine Minestrone Heindl\u00b4s feine Rindssuppe mit leckeren Einlagen. W\u00e4hlen Sie selbst: * Pfannkuchen * Lebersp\u00e4tzle * Leberkn\u00f6del * Br\u00e4tnockerl * B\u00e4rlauchbratnockerl * Sch\u00f6berl * Schinken-K\u00e4se-Sch\u00f6berl * Speckkn\u00f6del\u00a0 * Schinkenpfannkuchen * Cremesuppen aller Art hausgemachte Gulaschsuppe R\u00e4ucherfischteller mit Salatbouquet knackige Blattsalate mit Putenstreifen Tafelspitzs\u00fclzchen mit Toast und Salatbeilage Carpaccio vom Rinderfilet mit Rucola und Parmesan Carpaccio...","protected":false},"author":2,"featured_media":0,"parent":11,"menu_order":0,"comment_status":"closed","ping_status":"closed","template":"","meta":{"footnotes":""},"class_list":["post-1560","page","type-page","status-publish","hentry"],"yoast_head":"<!-- This site is optimized with the Yoast SEO plugin v19.8 - https:\/\/yoast.com\/wordpress\/plugins\/seo\/ -->\n<title>Suppen und Vorspeisen - Metzgerei Heindl GmbH<\/title>\n<meta name=\"robots\" content=\"index, follow, max-snippet:-1, max-image-preview:large, max-video-preview:-1\" \/>\n<link rel=\"canonical\" href=\"https:\/\/www.metzgerei-heindl.de\/index.php\/catering\/suppen\/\" \/>\n<meta property=\"og:locale\" content=\"de_DE\" \/>\n<meta property=\"og:type\" content=\"article\" \/>\n<meta property=\"og:title\" content=\"Suppen und Vorspeisen - Metzgerei Heindl GmbH\" \/>\n<meta property=\"og:url\" content=\"https:\/\/www.metzgerei-heindl.de\/index.php\/catering\/suppen\/\" \/>\n<meta property=\"og:site_name\" content=\"Metzgerei Heindl GmbH\" \/>\n<meta property=\"article:modified_time\" content=\"2019-11-24T21:05:30+00:00\" \/>\n<meta name=\"twitter:card\" content=\"summary_large_image\" \/>\n<script type=\"application\/ld+json\" class=\"yoast-schema-graph\">{\"@context\":\"https:\/\/schema.org\",\"@graph\":[{\"@type\":\"WebPage\",\"@id\":\"https:\/\/www.metzgerei-heindl.de\/index.php\/catering\/suppen\/\",\"url\":\"https:\/\/www.metzgerei-heindl.de\/index.php\/catering\/suppen\/\",\"name\":\"Suppen und Vorspeisen - Metzgerei Heindl GmbH\",\"isPartOf\":{\"@id\":\"https:\/\/www.metzgerei-heindl.de\/#website\"},\"datePublished\":\"2016-06-21T13:33:18+00:00\",\"dateModified\":\"2019-11-24T21:05:30+00:00\",\"breadcrumb\":{\"@id\":\"https:\/\/www.metzgerei-heindl.de\/index.php\/catering\/suppen\/#breadcrumb\"},\"inLanguage\":\"de\",\"potentialAction\":[{\"@type\":\"ReadAction\",\"target\":[\"https:\/\/www.metzgerei-heindl.de\/index.php\/catering\/suppen\/\"]}]},{\"@type\":\"BreadcrumbList\",\"@id\":\"https:\/\/www.metzgerei-heindl.de\/index.php\/catering\/suppen\/#breadcrumb\",\"itemListElement\":[{\"@type\":\"ListItem\",\"position\":1,\"name\":\"Startseite\",\"item\":\"https:\/\/www.metzgerei-heindl.de\/\"},{\"@type\":\"ListItem\",\"position\":2,\"name\":\"Catering\",\"item\":\"https:\/\/www.metzgerei-heindl.de\/index.php\/catering\/\"},{\"@type\":\"ListItem\",\"position\":3,\"name\":\"Suppen und Vorspeisen\"}]},{\"@type\":\"WebSite\",\"@id\":\"https:\/\/www.metzgerei-heindl.de\/#website\",\"url\":\"https:\/\/www.metzgerei-heindl.de\/\",\"name\":\"Metzgerei Heindl GmbH\",\"description\":\"\",\"potentialAction\":[{\"@type\":\"SearchAction\",\"target\":{\"@type\":\"EntryPoint\",\"urlTemplate\":\"https:\/\/www.metzgerei-heindl.de\/?s={search_term_string}\"},\"query-input\":\"required name=search_term_string\"}],\"inLanguage\":\"de\"}]}<\/script>\n<!-- \/ Yoast SEO plugin. -->","yoast_head_json":{"title":"Suppen und Vorspeisen - Metzgerei Heindl GmbH","robots":{"index":"index","follow":"follow","max-snippet":"max-snippet:-1","max-image-preview":"max-image-preview:large","max-video-preview":"max-video-preview:-1"},"canonical":"https:\/\/www.metzgerei-heindl.de\/index.php\/catering\/suppen\/","og_locale":"de_DE","og_type":"article","og_title":"Suppen und Vorspeisen - Metzgerei Heindl GmbH","og_url":"https:\/\/www.metzgerei-heindl.de\/index.php\/catering\/suppen\/","og_site_name":"Metzgerei Heindl GmbH","article_modified_time":"2019-11-24T21:05:30+00:00","twitter_card":"summary_large_image","schema":{"@context":"https:\/\/schema.org","@graph":[{"@type":"WebPage","@id":"https:\/\/www.metzgerei-heindl.de\/index.php\/catering\/suppen\/","url":"https:\/\/www.metzgerei-heindl.de\/index.php\/catering\/suppen\/","name":"Suppen und Vorspeisen - Metzgerei Heindl GmbH","isPartOf":{"@id":"https:\/\/www.metzgerei-heindl.de\/#website"},"datePublished":"2016-06-21T13:33:18+00:00","dateModified":"2019-11-24T21:05:30+00:00","breadcrumb":{"@id":"https:\/\/www.metzgerei-heindl.de\/index.php\/catering\/suppen\/#breadcrumb"},"inLanguage":"de","potentialAction":[{"@type":"ReadAction","target":["https:\/\/www.metzgerei-heindl.de\/index.php\/catering\/suppen\/"]}]},{"@type":"BreadcrumbList","@id":"https:\/\/www.metzgerei-heindl.de\/index.php\/catering\/suppen\/#breadcrumb","itemListElement":[{"@type":"ListItem","position":1,"name":"Startseite","item":"https:\/\/www.metzgerei-heindl.de\/"},{"@type":"ListItem","position":2,"name":"Catering","item":"https:\/\/www.metzgerei-heindl.de\/index.php\/catering\/"},{"@type":"ListItem","position":3,"name":"Suppen und Vorspeisen"}]},{"@type":"WebSite","@id":"https:\/\/www.metzgerei-heindl.de\/#website","url":"https:\/\/www.metzgerei-heindl.de\/","name":"Metzgerei Heindl GmbH","description":"","potentialAction":[{"@type":"SearchAction","target":{"@type":"EntryPoint","urlTemplate":"https:\/\/www.metzgerei-heindl.de\/?s={search_term_string}"},"query-input":"required name=search_term_string"}],"inLanguage":"de"}]}},"_links":{"self":[{"href":"https:\/\/www.metzgerei-heindl.de\/index.php\/wp-json\/wp\/v2\/pages\/1560","targetHints":{"allow":["GET"]}}],"collection":[{"href":"https:\/\/www.metzgerei-heindl.de\/index.php\/wp-json\/wp\/v2\/pages"}],"about":[{"href":"https:\/\/www.metzgerei-heindl.de\/index.php\/wp-json\/wp\/v2\/types\/page"}],"author":[{"embeddable":true,"href":"https:\/\/www.metzgerei-heindl.de\/index.php\/wp-json\/wp\/v2\/users\/2"}],"replies":[{"embeddable":true,"href":"https:\/\/www.metzgerei-heindl.de\/index.php\/wp-json\/wp\/v2\/comments?post=1560"}],"version-history":[{"count":3,"href":"https:\/\/www.metzgerei-heindl.de\/index.php\/wp-json\/wp\/v2\/pages\/1560\/revisions"}],"predecessor-version":[{"id":6340,"href":"https:\/\/www.metzgerei-heindl.de\/index.php\/wp-json\/wp\/v2\/pages\/1560\/revisions\/6340"}],"up":[{"embeddable":true,"href":"https:\/\/www.metzgerei-heindl.de\/index.php\/wp-json\/wp\/v2\/pages\/11"}],"wp:attachment":[{"href":"https:\/\/www.metzgerei-heindl.de\/index.php\/wp-json\/wp\/v2\/media?parent=1560"}],"curies":[{"name":"wp","href":"https:\/\/api.w.org\/{rel}","templated":true}]}}