{"id":2,"date":"2016-02-12T15:18:54","date_gmt":"2016-02-12T15:18:54","guid":{"rendered":"http:\/\/impreza6.us-themes.com\/?page_id=2"},"modified":"2021-12-14T09:31:11","modified_gmt":"2021-12-14T09:31:11","slug":"dosen","status":"publish","type":"page","link":"https:\/\/www.metzgerei-heindl.de\/index.php\/dosen\/","title":{"rendered":"Schmankerl aus Dose &#038; Glas"},"content":{"rendered":"<section class=\"l-section wpb_row height_medium\"><div class=\"l-section-h i-cf\"><div class=\"g-cols vc_row via_flex valign_top type_default stacking_default\"><div class=\"vc_col-sm-12 wpb_column vc_column_container\"><div class=\"vc_column-inner\"><div class=\"wpb_wrapper\"><div class=\"w-image align_center us_animate_aft\" style=\"animation-delay:2s\"><div class=\"w-image-h\"><img loading=\"lazy\" decoding=\"async\" width=\"1024\" height=\"683\" src=\"https:\/\/www.metzgerei-heindl.de\/wp-content\/uploads\/2021\/06\/DSC00174-1024x683.jpg\" class=\"attachment-large size-large\" alt=\"\" srcset=\"https:\/\/www.metzgerei-heindl.de\/wp-content\/uploads\/2021\/06\/DSC00174-1024x683.jpg 1024w, https:\/\/www.metzgerei-heindl.de\/wp-content\/uploads\/2021\/06\/DSC00174-300x200.jpg 300w, https:\/\/www.metzgerei-heindl.de\/wp-content\/uploads\/2021\/06\/DSC00174-1536x1024.jpg 1536w, https:\/\/www.metzgerei-heindl.de\/wp-content\/uploads\/2021\/06\/DSC00174-2048x1365.jpg 2048w, https:\/\/www.metzgerei-heindl.de\/wp-content\/uploads\/2021\/06\/DSC00174-600x400.jpg 600w\" sizes=\"auto, (max-width: 1024px) 100vw, 1024px\" \/><\/div><\/div><div class=\"w-separator size_medium\"><\/div><div class=\"wpb_text_column\"><div class=\"wpb_wrapper\"><p><strong><em>Unsere Fertiggerichte f\u00fcr Sie mit Herz, Hand und Verstand eingekocht<\/em> <\/strong><\/p>\n<p><strong>Dosen mit 400g Inhalt (1-1,5 Portionen)<\/strong><\/p>\n<ul>\n<li><strong>Von Hubers und Riedls Landschweinen<br \/>\n<\/strong><strong><u>Saures L\u00fcngerl<\/u><\/strong><strong><u><br \/>\n<\/u><\/strong>Heindl\u2019s Spezialit\u00e4t, weit \u00fcber die Grenzen bekannt<br \/>\n<strong><u>Schweinegulasch<\/u><\/strong><strong><u><br \/>\nSchweinegeschnetzeltes<br \/>\nPichelsteiner Eintopf<br \/>\n<\/u><\/strong><strong>Schweinefleischw\u00fcrfel mit viel Gem\u00fcse und Kartoffeln in lecker abgeschmeckter So\u00dfe<br \/>\n<\/strong><strong><u>Schweinefilet in Cognacrahm<\/u><\/strong><strong><br \/>\n<\/strong>zarte Filetmedaillons in leckerer Cognacrahmso\u00dfe<strong><u><br \/>\nPfefferrahmgeschnetzeltes<br \/>\n<\/u><\/strong>zarte Schweinefleischstreifen mit gr\u00fcnen Pfefferk\u00f6rnern in feiner So\u00dfe<br \/>\n<strong><u>Gyros in Knoblauchrahm<br \/>\n<\/u><\/strong><strong><strong>fein gew\u00fcrzte Schweinefleischstreifen in w\u00fcrziger Knoblauchrahmso\u00dfe<\/strong><\/strong><\/li>\n<li><strong>Von heimischen F\u00e4rsen und Jungbullen<\/strong><strong><br \/>\n<\/strong><strong><u>Rindergulasch<br \/>\n<\/u><\/strong><strong>saftige W\u00fcrfel aus Schulter und Keule heimischer F\u00e4rsen und Jungbullen in kr\u00e4ftiger So\u00dfe<\/strong><strong><u><br \/>\nRinderrotweingulasch<br \/>\n<\/u><\/strong><strong>saftige W\u00fcrfel aus Schulter und Keule heimischer F\u00e4rsen und Jungbullen in kr\u00e4ftiger Rotweinso\u00dfe<\/strong><strong><u><br \/>\nRinderfiletgulasch<br \/>\n<\/u><\/strong><strong>magere Filetst\u00fccke mit Zwiebeln, Essiggurken und Champignons in feiner Rahmso\u00dfe mit etwas Cognac<\/strong><strong><u><br \/>\nRinderrouladen<br \/>\n<\/u><\/strong><strong>feine Rinderroulade gef\u00fcllt mit Speck, Essiggurken, Zwiebeln und Senf in kr\u00e4ftiger So\u00dfe <\/strong><strong><u><br \/>\nSauerbraten \u201enach Omas Art\u201c<br \/>\n<\/u><\/strong><strong>ausgesuchte St\u00fccke aus Schulter und Keule in fein-s\u00e4uerlicher So\u00dfe<br \/>\n<\/strong><strong><u>geschmorte Rindsbackerl<\/u><\/strong><strong><strong><br \/>\nin kr\u00e4ftiger Rotweinso\u00dfe<\/strong><\/strong><\/li>\n<li><strong>Rind und Schwein gemischt<\/strong><strong><u><br \/>\n<\/u><\/strong><strong><u>gemischtes Gulasch vom Rind und Schwein<br \/>\n<\/u><\/strong><strong>W\u00fcrfel von Rind- und Schwein in kr\u00e4ftiger So\u00dfe <\/strong><strong><u><br \/>\nSchaschlikpfanne<br \/>\n<\/u><\/strong><strong>Rind- und Schweinefleischpl\u00e4ttchen mit Paprika, Zwiebel, Speck und Essiggurke in fein-w\u00fcrziger Paprikaso\u00dfe <u><br \/>\n<\/u><\/strong><strong><u>Gulaschsuppe<\/u><\/strong><strong><u><br \/>\n<\/u><\/strong>aus Rind- und Schweinefleischw\u00fcrfel, mit Kartoffeln und Paprika, herzhaft gew\u00fcrzt<br \/>\n<strong><u>Chili con Carne <\/u><\/strong><strong><u><br \/>\n<\/u><\/strong>besonders mageres Rinder- und Schweinehackfleisch mit roten Bohnen &amp; Paprika in<br \/>\nfeurig-w\u00fcrziger So\u00dfe<br \/>\n<strong><u>Sauce Bolognese<\/u><\/strong><strong><u><br \/>\n<\/u><\/strong>nach ital. Rezept mit viel Tomaten und Liebe<\/li>\n<li><strong>Von zarten Vollmilchk\u00e4lbern aus der Region<br \/>\n<\/strong><strong><u>Kalbsgeschnetzeltes<br \/>\n<\/u><\/strong><strong>magere Kalbfleischstreifen in feiner Rahmso\u00dfe<\/strong><strong><u><br \/>\nKalbsrahmgulasch<\/u><\/strong><strong><br \/>\nzarte St\u00fccke aus Schulter und Keule in leckerer Rahmso\u00dfe<br \/>\n<\/strong><strong><u>Kalbsrahmbraten<br \/>\n<\/u><\/strong><strong>St\u00fccke aus Schulter und Schlegel in fein abgeschmeckter So\u00dfe<\/strong><strong><u><br \/>\nKalbsl\u00fcngerl<br \/>\n<\/u><\/strong>Heindl\u2019s feine Spezialit\u00e4t, weit \u00fcber die Grenzen bekannt<\/li>\n<li><strong>Ausm Breitenberger Wald<br \/>\n<\/strong><strong><u>Hirschbraten<br \/>\n<\/u><\/strong>St\u00fccke aus Schulter und Keule mit Gem\u00fcse geschmort in feiner, dunkler So\u00dfe<strong><u><br \/>\nHirschgulasch<br \/>\n<\/u><\/strong><strong><strong>feine W\u00fcrfel aus Schulter und Keule in kr\u00e4ftiger So\u00dfe geschmort<\/strong><\/strong><\/li>\n<li><strong>Von bayrischen Puten<\/strong><strong><u><br \/>\nPutengulasch<br \/>\n<\/u><\/strong><strong>saftige W\u00fcrfel aus der Putenoberkeule in leckerer Rahmso\u00dfe<\/strong><br \/>\n<strong><u>Putengeschnetzeltes<br \/>\n<\/u><\/strong><strong><strong>magere Putenbruststreifen in feiner Rahmso\u00dfe<\/strong><\/strong><\/li>\n<li><strong>Vegan<\/strong><strong><br \/>\n<\/strong><strong><u>K\u00fcrbis-Curry<\/u><\/strong><strong><br \/>\n<\/strong>St\u00fccke vom Hokkaidok\u00fcrbis und Zwiebel in fein abgeschmeckter Kokos-Curryso\u00dfe<\/li>\n<li><strong>Beilagen<\/strong><br \/>\n<strong><u>Sauerkraut<br \/>\n<\/u><\/strong><strong>feines<\/strong> Fasskraut der Firma Troiber mit Zwiebeln eingeschmolzen und K\u00fcmmel verfeinert<br \/>\n<strong><u>Blaukraut<\/u><\/strong><br \/>\nnach Oma\u00b4s Rezept mit Rotwein und Preiselbeeren<\/li>\n<li><strong>Feine So\u00dfen<\/strong><strong><br \/>\n<u>Champignonso\u00dfe<\/u><u><br \/>\n<\/u><\/strong>fein-cremige Rahmso\u00dfe mit frischen Champignons von Herbert Heyne in Untergriesbach<br \/>\n<strong><u>Sauce Bolognese<\/u><\/strong><strong><u><br \/>\n<\/u><\/strong>aus Rinder- und Schweinehack nach ital. Rezept mit viel Tomaten und Liebe<br \/>\n<strong><u>Tomatenso\u00dfe<\/u><\/strong><strong><u><br \/>\n<\/u><\/strong>fruchtige Nudelso\u00dfe mit viel sonnengereiften Tomaten<br \/>\n<strong><u>Bratenso\u00dfe<\/u><\/strong><strong><br \/>\n<\/strong>herzhafte Bratenso\u00dfe aus Schweinefleischknochen<br \/>\nund frischem Gem\u00fcse, verfeinert mit edlen Gew\u00fcrzen.<br \/>\nPraktisch auch als Basis f\u00fcr feine Rahmso\u00dfen<br \/>\n<strong><u>Rinderbratenso\u00dfe<\/u><\/strong><br \/>\nkr\u00e4ftige Bratenso\u00dfe aus Rinderknochen mit viel R\u00f6stgem\u00fcse geschmort<br \/>\n<strong><u>Cognac-Rahmso\u00dfe<br \/>\n<\/u><\/strong>feine helle Rahmso\u00dfe aus Schweineknochen geschmort und mit Cognac verfeinert<br \/>\n<strong><u>Tessiner-So\u00dfe<\/u><\/strong><br \/>\nhelle Rahmso\u00dfe mit Tessiner-Kr\u00e4uter f\u00fcr feine Nudelgerichte<br \/>\n<strong><u>Curryso\u00dfe<\/u><\/strong><br \/>\nleckere Curryso\u00dfe mit groben Paprika und Zwiebelst\u00fccken. Ideal f\u00fcr Currywurst<br \/>\n<strong><u>Paprikaso\u00dfe ungarischer Art<br \/>\n<\/u><\/strong>feine Paprika, Zwiebel und Gurkenstreifen in w\u00fcrziger Tomaten-Paprikaso\u00dfe. Ideal f\u00fcr Schnitzel<\/li>\n<li><strong>Spezialit\u00e4ten in der Dose <\/strong><strong><br \/>\n<u>feine Schinkenwurst <\/u><\/strong><br \/>\n<strong><u>Bierwurst<\/u><\/strong><br \/>\n<strong><strong><u>Leberk\u00e4se\u00a0 oder<\/u><\/strong><\/strong><\/li>\n<li><strong>Spezialit\u00e4ten im Glas <\/strong><strong><br \/>\n<\/strong><strong><u>Zwiebelleberwurst <\/u><\/strong><strong><br \/>\ngrobe Leberwurst mit in Butterschmalz geschmorten Zwiebelst\u00fccken und Kr\u00e4uter<br \/>\n<\/strong><strong><u>feine Leberwurst mit Kalbfleisch<br \/>\n<\/u><\/strong><strong>Heindls beliebtestes Glas. Zart-cremige Leberwurst mit einer Extra-Portion Kalbfleisch<br \/>\n<\/strong><strong><u>Glaslfleisch<br \/>\n<\/u><\/strong><strong>saftige Schweinefleischst\u00fccke aus Schulter und Bauch mit Knoblauch, Zwiebel und Gew\u00fcrzen im Glas geschmort<\/strong><strong><u><br \/>\nSenf N\u00b01<br \/>\n<\/u><\/strong><strong>hausgemachter scharfer Senf mit frischem Kren<br \/>\n<\/strong><strong><u>Griebenschmalz<\/u><\/strong><strong><strong><br \/>\nherzhaft abgeschmecktes Schmalz mit Grieben, R\u00f6stzwiebel, Kr\u00e4uter und Apfel<\/strong><\/strong><\/li>\n<li><strong>Heindls Dosenturm<\/strong><strong><br \/>\n<\/strong><strong><strong><u>mit drei oder vier verschiedenen kleinen Wurstdosen oder verschiedenen 400g Dosen in Folie oder Geschirrtuch dekorativ verpackt \u2013 Ein tolles Geschenk<\/u><\/strong><\/strong><\/li>\n<li><strong>Weihnachts-Specials<br \/>\n<\/strong><strong><u>Heindls Punsch mit Rum<\/u><\/strong><strong><br \/>\nRot- und Wei\u00dfwein mit Tee und Blutorangensaft, Rum und edlen Gew\u00fcrzen verfeinert.<br \/>\nEiner der Besten, den Sie je getrunken haben!<br \/>\n<\/strong><strong><u>Apfelpunsch alkoholfrei<\/u><\/strong><strong><br \/>\nnaturtr\u00fcber Apfelsaft mit weihnachtlichen Gew\u00fcrzen verfeinert<br \/>\n<\/strong><strong><u>Semmelkn\u00f6del im Glas<br \/>\n<\/u><\/strong><strong>aus vielen geretteten Semmeln mit frischen Eiern, feiner Petersilie und frischer Milch von Bertas<br \/>\nK\u00fchen<br \/>\n<\/strong><strong><u>feine So\u00dfe zu Gefl\u00fcgel<br \/>\n<\/u><\/strong><strong><strong>gezogen aus frischen Karkassen, verfeinert mit R\u00f6stgem\u00fcse<\/strong><\/strong><\/li>\n<\/ul>\n<p><strong>Dosen mit 800g Inhalt (2-3 Portionen)<\/strong><\/p>\n<ul>\n<li><strong>Von Hubers und Riedls Landschweinen<\/strong><br \/>\n<strong><u>Saures L\u00fcngerl<\/u><\/strong><strong><u><br \/>\n<\/u><\/strong>Heindl\u2019s Spezialit\u00e4t, weit \u00fcber die Grenzen bekannt<\/li>\n<li><strong>Rind und Schwein gemischt<\/strong><strong><u><br \/>\nGulaschsuppe<br \/>\n<\/u><\/strong>aus Rind- und Schweinefleischw\u00fcrfel, mit Kartoffeln und Paprika, herzhaft gew\u00fcrzt<\/li>\n<\/ul>\n<\/div><\/div><\/div><\/div><\/div><\/div><\/div><\/section>\n","protected":false},"excerpt":{"rendered":"Unsere Fertiggerichte f\u00fcr Sie mit Herz, Hand und Verstand eingekocht Dosen mit 400g Inhalt (1-1,5 Portionen) Von Hubers und Riedls Landschweinen Saures L\u00fcngerl Heindl\u2019s Spezialit\u00e4t, weit \u00fcber die Grenzen bekannt Schweinegulasch Schweinegeschnetzeltes Pichelsteiner Eintopf Schweinefleischw\u00fcrfel mit viel Gem\u00fcse und Kartoffeln in lecker abgeschmeckter So\u00dfe Schweinefilet in Cognacrahm zarte Filetmedaillons in leckerer Cognacrahmso\u00dfe Pfefferrahmgeschnetzeltes zarte Schweinefleischstreifen...","protected":false},"author":2,"featured_media":0,"parent":0,"menu_order":0,"comment_status":"closed","ping_status":"closed","template":"","meta":{"footnotes":""},"class_list":["post-2","page","type-page","status-publish","hentry"],"yoast_head":"<!-- This site is optimized with the Yoast SEO plugin v19.8 - https:\/\/yoast.com\/wordpress\/plugins\/seo\/ -->\n<title>Schmankerl aus Dose &amp; Glas - Metzgerei Heindl GmbH<\/title>\n<meta name=\"robots\" content=\"index, follow, max-snippet:-1, max-image-preview:large, max-video-preview:-1\" \/>\n<link rel=\"canonical\" href=\"https:\/\/www.metzgerei-heindl.de\/index.php\/dosen\/\" \/>\n<meta property=\"og:locale\" content=\"de_DE\" \/>\n<meta property=\"og:type\" content=\"article\" \/>\n<meta property=\"og:title\" content=\"Schmankerl aus Dose &amp; Glas - Metzgerei Heindl GmbH\" \/>\n<meta property=\"og:url\" content=\"https:\/\/www.metzgerei-heindl.de\/index.php\/dosen\/\" \/>\n<meta property=\"og:site_name\" content=\"Metzgerei Heindl GmbH\" \/>\n<meta property=\"article:modified_time\" content=\"2021-12-14T09:31:11+00:00\" \/>\n<meta name=\"twitter:card\" content=\"summary_large_image\" \/>\n<meta name=\"twitter:label1\" content=\"Gesch\u00e4tzte Lesezeit\" \/>\n\t<meta name=\"twitter:data1\" content=\"3\u00a0Minuten\" \/>\n<script type=\"application\/ld+json\" class=\"yoast-schema-graph\">{\"@context\":\"https:\/\/schema.org\",\"@graph\":[{\"@type\":\"WebPage\",\"@id\":\"https:\/\/www.metzgerei-heindl.de\/index.php\/dosen\/\",\"url\":\"https:\/\/www.metzgerei-heindl.de\/index.php\/dosen\/\",\"name\":\"Schmankerl aus Dose & Glas - Metzgerei Heindl GmbH\",\"isPartOf\":{\"@id\":\"https:\/\/www.metzgerei-heindl.de\/#website\"},\"datePublished\":\"2016-02-12T15:18:54+00:00\",\"dateModified\":\"2021-12-14T09:31:11+00:00\",\"breadcrumb\":{\"@id\":\"https:\/\/www.metzgerei-heindl.de\/index.php\/dosen\/#breadcrumb\"},\"inLanguage\":\"de\",\"potentialAction\":[{\"@type\":\"ReadAction\",\"target\":[\"https:\/\/www.metzgerei-heindl.de\/index.php\/dosen\/\"]}]},{\"@type\":\"BreadcrumbList\",\"@id\":\"https:\/\/www.metzgerei-heindl.de\/index.php\/dosen\/#breadcrumb\",\"itemListElement\":[{\"@type\":\"ListItem\",\"position\":1,\"name\":\"Startseite\",\"item\":\"https:\/\/www.metzgerei-heindl.de\/\"},{\"@type\":\"ListItem\",\"position\":2,\"name\":\"Schmankerl aus Dose &#038; Glas\"}]},{\"@type\":\"WebSite\",\"@id\":\"https:\/\/www.metzgerei-heindl.de\/#website\",\"url\":\"https:\/\/www.metzgerei-heindl.de\/\",\"name\":\"Metzgerei Heindl GmbH\",\"description\":\"\",\"potentialAction\":[{\"@type\":\"SearchAction\",\"target\":{\"@type\":\"EntryPoint\",\"urlTemplate\":\"https:\/\/www.metzgerei-heindl.de\/?s={search_term_string}\"},\"query-input\":\"required name=search_term_string\"}],\"inLanguage\":\"de\"}]}<\/script>\n<!-- \/ Yoast SEO plugin. -->","yoast_head_json":{"title":"Schmankerl aus Dose & Glas - Metzgerei Heindl GmbH","robots":{"index":"index","follow":"follow","max-snippet":"max-snippet:-1","max-image-preview":"max-image-preview:large","max-video-preview":"max-video-preview:-1"},"canonical":"https:\/\/www.metzgerei-heindl.de\/index.php\/dosen\/","og_locale":"de_DE","og_type":"article","og_title":"Schmankerl aus Dose & Glas - Metzgerei Heindl GmbH","og_url":"https:\/\/www.metzgerei-heindl.de\/index.php\/dosen\/","og_site_name":"Metzgerei Heindl GmbH","article_modified_time":"2021-12-14T09:31:11+00:00","twitter_card":"summary_large_image","twitter_misc":{"Gesch\u00e4tzte Lesezeit":"3\u00a0Minuten"},"schema":{"@context":"https:\/\/schema.org","@graph":[{"@type":"WebPage","@id":"https:\/\/www.metzgerei-heindl.de\/index.php\/dosen\/","url":"https:\/\/www.metzgerei-heindl.de\/index.php\/dosen\/","name":"Schmankerl aus Dose & Glas - Metzgerei Heindl GmbH","isPartOf":{"@id":"https:\/\/www.metzgerei-heindl.de\/#website"},"datePublished":"2016-02-12T15:18:54+00:00","dateModified":"2021-12-14T09:31:11+00:00","breadcrumb":{"@id":"https:\/\/www.metzgerei-heindl.de\/index.php\/dosen\/#breadcrumb"},"inLanguage":"de","potentialAction":[{"@type":"ReadAction","target":["https:\/\/www.metzgerei-heindl.de\/index.php\/dosen\/"]}]},{"@type":"BreadcrumbList","@id":"https:\/\/www.metzgerei-heindl.de\/index.php\/dosen\/#breadcrumb","itemListElement":[{"@type":"ListItem","position":1,"name":"Startseite","item":"https:\/\/www.metzgerei-heindl.de\/"},{"@type":"ListItem","position":2,"name":"Schmankerl aus Dose &#038; Glas"}]},{"@type":"WebSite","@id":"https:\/\/www.metzgerei-heindl.de\/#website","url":"https:\/\/www.metzgerei-heindl.de\/","name":"Metzgerei Heindl GmbH","description":"","potentialAction":[{"@type":"SearchAction","target":{"@type":"EntryPoint","urlTemplate":"https:\/\/www.metzgerei-heindl.de\/?s={search_term_string}"},"query-input":"required name=search_term_string"}],"inLanguage":"de"}]}},"_links":{"self":[{"href":"https:\/\/www.metzgerei-heindl.de\/index.php\/wp-json\/wp\/v2\/pages\/2","targetHints":{"allow":["GET"]}}],"collection":[{"href":"https:\/\/www.metzgerei-heindl.de\/index.php\/wp-json\/wp\/v2\/pages"}],"about":[{"href":"https:\/\/www.metzgerei-heindl.de\/index.php\/wp-json\/wp\/v2\/types\/page"}],"author":[{"embeddable":true,"href":"https:\/\/www.metzgerei-heindl.de\/index.php\/wp-json\/wp\/v2\/users\/2"}],"replies":[{"embeddable":true,"href":"https:\/\/www.metzgerei-heindl.de\/index.php\/wp-json\/wp\/v2\/comments?post=2"}],"version-history":[{"count":10,"href":"https:\/\/www.metzgerei-heindl.de\/index.php\/wp-json\/wp\/v2\/pages\/2\/revisions"}],"predecessor-version":[{"id":6429,"href":"https:\/\/www.metzgerei-heindl.de\/index.php\/wp-json\/wp\/v2\/pages\/2\/revisions\/6429"}],"wp:attachment":[{"href":"https:\/\/www.metzgerei-heindl.de\/index.php\/wp-json\/wp\/v2\/media?parent=2"}],"curies":[{"name":"wp","href":"https:\/\/api.w.org\/{rel}","templated":true}]}}