{"id":4307,"date":"2015-10-21T09:31:45","date_gmt":"2015-10-21T09:31:45","guid":{"rendered":"http:\/\/impreza3.us-themes.com\/?page_id=4307"},"modified":"2019-12-08T19:43:44","modified_gmt":"2019-12-08T19:43:44","slug":"auszeichnungen","status":"publish","type":"page","link":"https:\/\/www.metzgerei-heindl.de\/index.php\/auszeichnungen\/","title":{"rendered":"Auszeichnungen"},"content":{"rendered":"<section class=\"l-section wpb_row height_huge\"><div class=\"l-section-h i-cf\"><div class=\"g-cols vc_row via_flex valign_top type_default stacking_default\"><div class=\"vc_col-sm-6 wpb_column vc_column_container\"><div class=\"vc_column-inner\"><div class=\"wpb_wrapper\"><div class=\"wpb_text_column\"><div class=\"wpb_wrapper\"><h2><strong>Niederbayerische Qualit\u00e4tsprodukte<br \/>\n<\/strong><\/h2>\n<\/div><\/div><div class=\"w-separator size_medium\"><\/div><div class=\"wpb_text_column\"><div class=\"wpb_wrapper\"><p>Zum 23. Mal wurden wir 2019 \u00fcbrigens als einziger niederbayerischer Betrieb mit dem Bundesehrenpreis in Gold ausgezeichnet. Dies ist die h\u00f6chste Auszeichnung, die ein Betrieb in Deutschland f\u00fcr seine Produkte erhalten kann.<\/p>\n<p>Von 23 unserer eingesandten Produkte wurden 17 mit Gold, 4 mit Silber und 2 mit Bronze ausgezeichnet.<\/p>\n<\/div><\/div><div class=\"w-separator size_medium\"><\/div><\/div><\/div><\/div><div class=\"vc_col-sm-6 wpb_column vc_column_container\"><div class=\"vc_column-inner\"><div class=\"wpb_wrapper\"><div class=\"w-image align_none\"><div class=\"w-image-h\"><img loading=\"lazy\" decoding=\"async\" width=\"1024\" height=\"715\" src=\"https:\/\/www.metzgerei-heindl.de\/wp-content\/uploads\/2019\/08\/Metzgerei_Bundesehrenpreis_2017-1024x715.jpg\" class=\"attachment-large size-large\" alt=\"\" srcset=\"https:\/\/www.metzgerei-heindl.de\/wp-content\/uploads\/2019\/08\/Metzgerei_Bundesehrenpreis_2017-1024x715.jpg 1024w, https:\/\/www.metzgerei-heindl.de\/wp-content\/uploads\/2019\/08\/Metzgerei_Bundesehrenpreis_2017-300x209.jpg 300w, https:\/\/www.metzgerei-heindl.de\/wp-content\/uploads\/2019\/08\/Metzgerei_Bundesehrenpreis_2017-600x419.jpg 600w, https:\/\/www.metzgerei-heindl.de\/wp-content\/uploads\/2019\/08\/Metzgerei_Bundesehrenpreis_2017.jpg 1034w\" sizes=\"auto, (max-width: 1024px) 100vw, 1024px\" \/><\/div><\/div><div class=\"wpb_text_column\"><div class=\"wpb_wrapper\"><p><em>Die Parlamentarische Staatssekret\u00e4rin Dr. Maria Flachsbarth (rechts) \u00fcberreicht gemeinsam mit DLG-Vizepr\u00e4sident Dr. Diedrich Harms (links) Urkunde und Medaille an Inhaber Hans Heindl.<\/em><br \/>\n<em>(Foto: DLG)<\/em><\/p>\n<\/div><\/div><div class=\"w-separator size_small\"><\/div><div class=\"wpb_text_column\"><div class=\"wpb_wrapper\"><p>(DLG). Die Metzgerei Heindl aus Untergriesbach<em>\u00a0<\/em>ist jetzt vom Bundesministerium f\u00fcr Ern\u00e4hrung und Landwirtschaft (BMEL) mit dem Bundesehrenpreis in Gold ausgezeichnet worden. \u201eDas ist die h\u00f6chste Ehrung, die ein Unternehmen der Fleischwarenbranche f\u00fcr seine Qualit\u00e4tsleistungen erhalten kann\u201c, lobten die Parlamentarische Staatssekret\u00e4rin Dr. Maria Flachsbarth und Dr. Diedrich Harms, Vizepr\u00e4sident der DLG (Deutsche Landwirtschafts-Gesellschaft), bei der feierlichen Preisverleihung im Berliner Meistersaal.<\/p>\n<p>Die Bundesehrenpreise werden j\u00e4hrlich an zw\u00f6lf Unternehmen der deutschen Fleischwarenbranche vergeben. Diese haben im Vorjahr die besten Ergebnisse bei den umfangreichen Experten-Tests der DLG-Qualit\u00e4tspr\u00fcfungen erzielt. Beeindruckend bei der Metzgerei Heindl ist nicht nur der hohe Qualit\u00e4tsstandard des Sortiments, sondern auch die nachhaltige Qualit\u00e4tsorientierung.<\/p>\n<p>\u201eWer zum 21. Mal den Bundesehrenpreis erh\u00e4lt, dokumentiert eindrucksvoll, dass er zu den Spitzenbetrieben in Deutschland geh\u00f6rt und als Genussbotschafter richtungsweisende Ma\u00dfst\u00e4be setzt, die andere inspirieren\u201c, so der DLG-Vizepr\u00e4sident. \u201eBleiben Sie Ihrem nachgewiesenen Bekenntnis zu Qualit\u00e4t treu. Denn Spitzenqualit\u00e4t begeistert auch in Zukunft Ihre Kunden.\u201c<\/p>\n<\/div><\/div><\/div><\/div><\/div><\/div><\/div><\/section>\n","protected":false},"excerpt":{"rendered":"Niederbayerische Qualit\u00e4tsprodukte Zum 23. Mal wurden wir 2019 \u00fcbrigens als einziger niederbayerischer Betrieb mit dem Bundesehrenpreis in Gold ausgezeichnet. Dies ist die h\u00f6chste Auszeichnung, die ein Betrieb in Deutschland f\u00fcr seine Produkte erhalten kann. Von 23 unserer eingesandten Produkte wurden 17 mit Gold, 4 mit Silber und 2 mit Bronze ausgezeichnet. Die Parlamentarische Staatssekret\u00e4rin Dr....","protected":false},"author":2,"featured_media":0,"parent":0,"menu_order":0,"comment_status":"closed","ping_status":"closed","template":"","meta":{"footnotes":""},"class_list":["post-4307","page","type-page","status-publish","hentry"],"yoast_head":"<!-- This site is optimized with the Yoast SEO plugin v19.8 - https:\/\/yoast.com\/wordpress\/plugins\/seo\/ -->\n<title>Auszeichnungen - Metzgerei Heindl GmbH<\/title>\n<meta name=\"robots\" content=\"index, follow, max-snippet:-1, max-image-preview:large, max-video-preview:-1\" \/>\n<link rel=\"canonical\" href=\"https:\/\/www.metzgerei-heindl.de\/index.php\/auszeichnungen\/\" \/>\n<meta property=\"og:locale\" content=\"de_DE\" \/>\n<meta property=\"og:type\" content=\"article\" \/>\n<meta property=\"og:title\" content=\"Auszeichnungen - Metzgerei Heindl GmbH\" \/>\n<meta property=\"og:url\" content=\"https:\/\/www.metzgerei-heindl.de\/index.php\/auszeichnungen\/\" \/>\n<meta property=\"og:site_name\" content=\"Metzgerei Heindl GmbH\" \/>\n<meta property=\"article:modified_time\" content=\"2019-12-08T19:43:44+00:00\" \/>\n<meta name=\"twitter:card\" content=\"summary_large_image\" \/>\n<meta name=\"twitter:label1\" content=\"Gesch\u00e4tzte Lesezeit\" \/>\n\t<meta name=\"twitter:data1\" content=\"2\u00a0Minuten\" \/>\n<script type=\"application\/ld+json\" class=\"yoast-schema-graph\">{\"@context\":\"https:\/\/schema.org\",\"@graph\":[{\"@type\":\"WebPage\",\"@id\":\"https:\/\/www.metzgerei-heindl.de\/index.php\/auszeichnungen\/\",\"url\":\"https:\/\/www.metzgerei-heindl.de\/index.php\/auszeichnungen\/\",\"name\":\"Auszeichnungen - Metzgerei Heindl GmbH\",\"isPartOf\":{\"@id\":\"https:\/\/www.metzgerei-heindl.de\/#website\"},\"datePublished\":\"2015-10-21T09:31:45+00:00\",\"dateModified\":\"2019-12-08T19:43:44+00:00\",\"breadcrumb\":{\"@id\":\"https:\/\/www.metzgerei-heindl.de\/index.php\/auszeichnungen\/#breadcrumb\"},\"inLanguage\":\"de\",\"potentialAction\":[{\"@type\":\"ReadAction\",\"target\":[\"https:\/\/www.metzgerei-heindl.de\/index.php\/auszeichnungen\/\"]}]},{\"@type\":\"BreadcrumbList\",\"@id\":\"https:\/\/www.metzgerei-heindl.de\/index.php\/auszeichnungen\/#breadcrumb\",\"itemListElement\":[{\"@type\":\"ListItem\",\"position\":1,\"name\":\"Startseite\",\"item\":\"https:\/\/www.metzgerei-heindl.de\/\"},{\"@type\":\"ListItem\",\"position\":2,\"name\":\"Auszeichnungen\"}]},{\"@type\":\"WebSite\",\"@id\":\"https:\/\/www.metzgerei-heindl.de\/#website\",\"url\":\"https:\/\/www.metzgerei-heindl.de\/\",\"name\":\"Metzgerei Heindl GmbH\",\"description\":\"\",\"potentialAction\":[{\"@type\":\"SearchAction\",\"target\":{\"@type\":\"EntryPoint\",\"urlTemplate\":\"https:\/\/www.metzgerei-heindl.de\/?s={search_term_string}\"},\"query-input\":\"required name=search_term_string\"}],\"inLanguage\":\"de\"}]}<\/script>\n<!-- \/ Yoast SEO plugin. -->","yoast_head_json":{"title":"Auszeichnungen - Metzgerei Heindl GmbH","robots":{"index":"index","follow":"follow","max-snippet":"max-snippet:-1","max-image-preview":"max-image-preview:large","max-video-preview":"max-video-preview:-1"},"canonical":"https:\/\/www.metzgerei-heindl.de\/index.php\/auszeichnungen\/","og_locale":"de_DE","og_type":"article","og_title":"Auszeichnungen - Metzgerei Heindl GmbH","og_url":"https:\/\/www.metzgerei-heindl.de\/index.php\/auszeichnungen\/","og_site_name":"Metzgerei Heindl GmbH","article_modified_time":"2019-12-08T19:43:44+00:00","twitter_card":"summary_large_image","twitter_misc":{"Gesch\u00e4tzte Lesezeit":"2\u00a0Minuten"},"schema":{"@context":"https:\/\/schema.org","@graph":[{"@type":"WebPage","@id":"https:\/\/www.metzgerei-heindl.de\/index.php\/auszeichnungen\/","url":"https:\/\/www.metzgerei-heindl.de\/index.php\/auszeichnungen\/","name":"Auszeichnungen - Metzgerei Heindl GmbH","isPartOf":{"@id":"https:\/\/www.metzgerei-heindl.de\/#website"},"datePublished":"2015-10-21T09:31:45+00:00","dateModified":"2019-12-08T19:43:44+00:00","breadcrumb":{"@id":"https:\/\/www.metzgerei-heindl.de\/index.php\/auszeichnungen\/#breadcrumb"},"inLanguage":"de","potentialAction":[{"@type":"ReadAction","target":["https:\/\/www.metzgerei-heindl.de\/index.php\/auszeichnungen\/"]}]},{"@type":"BreadcrumbList","@id":"https:\/\/www.metzgerei-heindl.de\/index.php\/auszeichnungen\/#breadcrumb","itemListElement":[{"@type":"ListItem","position":1,"name":"Startseite","item":"https:\/\/www.metzgerei-heindl.de\/"},{"@type":"ListItem","position":2,"name":"Auszeichnungen"}]},{"@type":"WebSite","@id":"https:\/\/www.metzgerei-heindl.de\/#website","url":"https:\/\/www.metzgerei-heindl.de\/","name":"Metzgerei Heindl GmbH","description":"","potentialAction":[{"@type":"SearchAction","target":{"@type":"EntryPoint","urlTemplate":"https:\/\/www.metzgerei-heindl.de\/?s={search_term_string}"},"query-input":"required name=search_term_string"}],"inLanguage":"de"}]}},"_links":{"self":[{"href":"https:\/\/www.metzgerei-heindl.de\/index.php\/wp-json\/wp\/v2\/pages\/4307","targetHints":{"allow":["GET"]}}],"collection":[{"href":"https:\/\/www.metzgerei-heindl.de\/index.php\/wp-json\/wp\/v2\/pages"}],"about":[{"href":"https:\/\/www.metzgerei-heindl.de\/index.php\/wp-json\/wp\/v2\/types\/page"}],"author":[{"embeddable":true,"href":"https:\/\/www.metzgerei-heindl.de\/index.php\/wp-json\/wp\/v2\/users\/2"}],"replies":[{"embeddable":true,"href":"https:\/\/www.metzgerei-heindl.de\/index.php\/wp-json\/wp\/v2\/comments?post=4307"}],"version-history":[{"count":13,"href":"https:\/\/www.metzgerei-heindl.de\/index.php\/wp-json\/wp\/v2\/pages\/4307\/revisions"}],"predecessor-version":[{"id":6355,"href":"https:\/\/www.metzgerei-heindl.de\/index.php\/wp-json\/wp\/v2\/pages\/4307\/revisions\/6355"}],"wp:attachment":[{"href":"https:\/\/www.metzgerei-heindl.de\/index.php\/wp-json\/wp\/v2\/media?parent=4307"}],"curies":[{"name":"wp","href":"https:\/\/api.w.org\/{rel}","templated":true}]}}