{"id":6069,"date":"2016-02-15T15:57:10","date_gmt":"2016-02-15T15:57:10","guid":{"rendered":"http:\/\/impreza6.us-themes.com\/?page_id=9"},"modified":"2025-07-21T09:17:39","modified_gmt":"2025-07-21T09:17:39","slug":"jobs","status":"publish","type":"page","link":"https:\/\/www.metzgerei-heindl.de\/index.php\/jobs\/","title":{"rendered":"Jobs"},"content":{"rendered":"<section class=\"l-section wpb_row height_medium\"><div class=\"l-section-h i-cf\"><div class=\"g-cols vc_row via_flex valign_top type_default stacking_default\"><div class=\"vc_col-sm-12 wpb_column vc_column_container\"><div class=\"vc_column-inner\"><div class=\"wpb_wrapper\"><div class=\"w-image align_none\"><div class=\"w-image-h\"><img loading=\"lazy\" decoding=\"async\" width=\"960\" height=\"762\" src=\"https:\/\/www.metzgerei-heindl.de\/wp-content\/uploads\/2019\/08\/Metzgerei_Heindl_Mitarbeiter_Suche.jpg\" class=\"attachment-large size-large\" alt=\"\" srcset=\"https:\/\/www.metzgerei-heindl.de\/wp-content\/uploads\/2019\/08\/Metzgerei_Heindl_Mitarbeiter_Suche.jpg 960w, https:\/\/www.metzgerei-heindl.de\/wp-content\/uploads\/2019\/08\/Metzgerei_Heindl_Mitarbeiter_Suche-300x238.jpg 300w, https:\/\/www.metzgerei-heindl.de\/wp-content\/uploads\/2019\/08\/Metzgerei_Heindl_Mitarbeiter_Suche-600x476.jpg 600w\" sizes=\"auto, (max-width: 960px) 100vw, 960px\" \/><\/div><\/div><div class=\"w-separator size_medium\"><\/div><div class=\"wpb_text_column\"><div class=\"wpb_wrapper\"><h1><strong>Stellenangebote<\/strong><\/h1>\n<p>Derzeit sind bei uns folgende Stellen zu besetzen:<span id=\"fbPhotoSnowliftCaption\" class=\"fbPhotosPhotoCaption\" tabindex=\"0\" aria-live=\"polite\" data-ft=\"{&quot;tn&quot;:&quot;K&quot;}\"><\/span><\/p>\n<ul>\n<li><strong>Metzgerei-Fachverk\u00e4ufer<\/strong> (m\/w\/d) oder welche, die es werden wollen:<br \/>\no Wir bieten gutes Gehalt und ein super nettes Team mit Chefs, auf die man sich verlassen kann in den sch\u00f6nsten L\u00e4den des Landkreises<br \/>\no Personalrabatt und Arbeitszeitkonto<br \/>\no Flexible Arbeitszeiten:<br \/>\nUntergriesbach Hauptgesch\u00e4ft Mo-Fr zwischen 6:00-13:00 und Sa 6:00-12:00<br \/>\nUntergriesbach Norma Mo-Fr zwischen 7:00-18:00 und Sa 7:00-16:00<br \/>\nPassau Mo-Fr zwischen 7:00-19:15 und SA 6:00-15:00<br \/>\nObernzell Mo-Fr zwischen 6:00-13:00 und Sa 6:00-12:00<br \/>\nB\u00fcchlberg Mo-Fr zwischen 6:00-19:00 und Sa 6:00-18:00<\/li>\n<\/ul>\n<p><strong>Deine Bewerbung kannst du entweder per Email an info@metzgerei-heindl.de oder direkt als Nachricht \u00fcber Facebook senden.<\/strong><\/p>\n<p><strong>Wir freuen uns dich kennenzulernen!<\/strong><\/p>\n<\/div><\/div><\/div><\/div><\/div><\/div><\/div><\/section><section class=\"l-section wpb_row height_medium\"><div class=\"l-section-h i-cf\"><div class=\"g-cols vc_row via_flex valign_top type_default stacking_default\"><div class=\"vc_col-sm-12 wpb_column vc_column_container\"><div class=\"vc_column-inner\"><div class=\"wpb_wrapper\"><\/div><\/div><\/div><\/div><\/div><\/section>\n","protected":false},"excerpt":{"rendered":"Stellenangebote Derzeit sind bei uns folgende Stellen zu besetzen: Metzgerei-Fachverk\u00e4ufer (m\/w\/d) oder welche, die es werden wollen: o Wir bieten gutes Gehalt und ein super nettes Team mit Chefs, auf die man sich verlassen kann in den sch\u00f6nsten L\u00e4den des Landkreises o Personalrabatt und Arbeitszeitkonto o Flexible Arbeitszeiten: Untergriesbach Hauptgesch\u00e4ft Mo-Fr zwischen 6:00-13:00 und Sa...","protected":false},"author":2,"featured_media":0,"parent":0,"menu_order":0,"comment_status":"closed","ping_status":"closed","template":"","meta":{"footnotes":""},"class_list":["post-6069","page","type-page","status-publish","hentry"],"yoast_head":"<!-- This site is optimized with the Yoast SEO plugin v19.8 - https:\/\/yoast.com\/wordpress\/plugins\/seo\/ -->\n<title>Jobs - Metzgerei Heindl GmbH<\/title>\n<meta name=\"robots\" content=\"index, follow, max-snippet:-1, max-image-preview:large, max-video-preview:-1\" \/>\n<link rel=\"canonical\" href=\"https:\/\/www.metzgerei-heindl.de\/index.php\/jobs\/\" \/>\n<meta property=\"og:locale\" content=\"de_DE\" \/>\n<meta property=\"og:type\" content=\"article\" \/>\n<meta property=\"og:title\" content=\"Jobs - Metzgerei Heindl GmbH\" \/>\n<meta property=\"og:url\" content=\"https:\/\/www.metzgerei-heindl.de\/index.php\/jobs\/\" \/>\n<meta property=\"og:site_name\" content=\"Metzgerei Heindl GmbH\" \/>\n<meta property=\"article:modified_time\" content=\"2025-07-21T09:17:39+00:00\" \/>\n<meta name=\"twitter:card\" content=\"summary_large_image\" \/>\n<meta name=\"twitter:label1\" content=\"Gesch\u00e4tzte Lesezeit\" \/>\n\t<meta name=\"twitter:data1\" content=\"1\u00a0Minute\" \/>\n<script type=\"application\/ld+json\" class=\"yoast-schema-graph\">{\"@context\":\"https:\/\/schema.org\",\"@graph\":[{\"@type\":\"WebPage\",\"@id\":\"https:\/\/www.metzgerei-heindl.de\/index.php\/jobs\/\",\"url\":\"https:\/\/www.metzgerei-heindl.de\/index.php\/jobs\/\",\"name\":\"Jobs - Metzgerei Heindl GmbH\",\"isPartOf\":{\"@id\":\"https:\/\/www.metzgerei-heindl.de\/#website\"},\"datePublished\":\"2016-02-15T15:57:10+00:00\",\"dateModified\":\"2025-07-21T09:17:39+00:00\",\"breadcrumb\":{\"@id\":\"https:\/\/www.metzgerei-heindl.de\/index.php\/jobs\/#breadcrumb\"},\"inLanguage\":\"de\",\"potentialAction\":[{\"@type\":\"ReadAction\",\"target\":[\"https:\/\/www.metzgerei-heindl.de\/index.php\/jobs\/\"]}]},{\"@type\":\"BreadcrumbList\",\"@id\":\"https:\/\/www.metzgerei-heindl.de\/index.php\/jobs\/#breadcrumb\",\"itemListElement\":[{\"@type\":\"ListItem\",\"position\":1,\"name\":\"Startseite\",\"item\":\"https:\/\/www.metzgerei-heindl.de\/\"},{\"@type\":\"ListItem\",\"position\":2,\"name\":\"Jobs\"}]},{\"@type\":\"WebSite\",\"@id\":\"https:\/\/www.metzgerei-heindl.de\/#website\",\"url\":\"https:\/\/www.metzgerei-heindl.de\/\",\"name\":\"Metzgerei Heindl GmbH\",\"description\":\"\",\"potentialAction\":[{\"@type\":\"SearchAction\",\"target\":{\"@type\":\"EntryPoint\",\"urlTemplate\":\"https:\/\/www.metzgerei-heindl.de\/?s={search_term_string}\"},\"query-input\":\"required name=search_term_string\"}],\"inLanguage\":\"de\"}]}<\/script>\n<!-- \/ Yoast SEO plugin. -->","yoast_head_json":{"title":"Jobs - Metzgerei Heindl GmbH","robots":{"index":"index","follow":"follow","max-snippet":"max-snippet:-1","max-image-preview":"max-image-preview:large","max-video-preview":"max-video-preview:-1"},"canonical":"https:\/\/www.metzgerei-heindl.de\/index.php\/jobs\/","og_locale":"de_DE","og_type":"article","og_title":"Jobs - Metzgerei Heindl GmbH","og_url":"https:\/\/www.metzgerei-heindl.de\/index.php\/jobs\/","og_site_name":"Metzgerei Heindl GmbH","article_modified_time":"2025-07-21T09:17:39+00:00","twitter_card":"summary_large_image","twitter_misc":{"Gesch\u00e4tzte Lesezeit":"1\u00a0Minute"},"schema":{"@context":"https:\/\/schema.org","@graph":[{"@type":"WebPage","@id":"https:\/\/www.metzgerei-heindl.de\/index.php\/jobs\/","url":"https:\/\/www.metzgerei-heindl.de\/index.php\/jobs\/","name":"Jobs - Metzgerei Heindl GmbH","isPartOf":{"@id":"https:\/\/www.metzgerei-heindl.de\/#website"},"datePublished":"2016-02-15T15:57:10+00:00","dateModified":"2025-07-21T09:17:39+00:00","breadcrumb":{"@id":"https:\/\/www.metzgerei-heindl.de\/index.php\/jobs\/#breadcrumb"},"inLanguage":"de","potentialAction":[{"@type":"ReadAction","target":["https:\/\/www.metzgerei-heindl.de\/index.php\/jobs\/"]}]},{"@type":"BreadcrumbList","@id":"https:\/\/www.metzgerei-heindl.de\/index.php\/jobs\/#breadcrumb","itemListElement":[{"@type":"ListItem","position":1,"name":"Startseite","item":"https:\/\/www.metzgerei-heindl.de\/"},{"@type":"ListItem","position":2,"name":"Jobs"}]},{"@type":"WebSite","@id":"https:\/\/www.metzgerei-heindl.de\/#website","url":"https:\/\/www.metzgerei-heindl.de\/","name":"Metzgerei Heindl GmbH","description":"","potentialAction":[{"@type":"SearchAction","target":{"@type":"EntryPoint","urlTemplate":"https:\/\/www.metzgerei-heindl.de\/?s={search_term_string}"},"query-input":"required name=search_term_string"}],"inLanguage":"de"}]}},"_links":{"self":[{"href":"https:\/\/www.metzgerei-heindl.de\/index.php\/wp-json\/wp\/v2\/pages\/6069","targetHints":{"allow":["GET"]}}],"collection":[{"href":"https:\/\/www.metzgerei-heindl.de\/index.php\/wp-json\/wp\/v2\/pages"}],"about":[{"href":"https:\/\/www.metzgerei-heindl.de\/index.php\/wp-json\/wp\/v2\/types\/page"}],"author":[{"embeddable":true,"href":"https:\/\/www.metzgerei-heindl.de\/index.php\/wp-json\/wp\/v2\/users\/2"}],"replies":[{"embeddable":true,"href":"https:\/\/www.metzgerei-heindl.de\/index.php\/wp-json\/wp\/v2\/comments?post=6069"}],"version-history":[{"count":12,"href":"https:\/\/www.metzgerei-heindl.de\/index.php\/wp-json\/wp\/v2\/pages\/6069\/revisions"}],"predecessor-version":[{"id":6452,"href":"https:\/\/www.metzgerei-heindl.de\/index.php\/wp-json\/wp\/v2\/pages\/6069\/revisions\/6452"}],"wp:attachment":[{"href":"https:\/\/www.metzgerei-heindl.de\/index.php\/wp-json\/wp\/v2\/media?parent=6069"}],"curies":[{"name":"wp","href":"https:\/\/api.w.org\/{rel}","templated":true}]}}