{"id":6330,"date":"2019-11-24T20:58:07","date_gmt":"2019-11-24T20:58:07","guid":{"rendered":"https:\/\/metzgerei-heindl.de\/wp\/?page_id=6330"},"modified":"2019-11-24T21:02:43","modified_gmt":"2019-11-24T21:02:43","slug":"snackglas","status":"publish","type":"page","link":"https:\/\/www.metzgerei-heindl.de\/index.php\/catering\/snackglas\/","title":{"rendered":"Gemischtes im Snack-Glas"},"content":{"rendered":"<section class=\"l-section wpb_row height_medium\"><div class=\"l-section-h i-cf\"><div class=\"g-cols vc_row via_flex valign_top type_default stacking_default\"><div class=\"vc_col-sm-12 wpb_column vc_column_container\"><div class=\"vc_column-inner\"><div class=\"wpb_wrapper\"><div class=\"wpb_text_column\"><div class=\"wpb_wrapper\"><div class=\"w-popup-box-content\">\n<div class=\"w-popup-box-content\">\n<ul>\n<li>Tortellini-Salat mit Schinken und Erbsen<\/li>\n<li>Leberk\u00e4sepl\u00e4tzchen mit Kartoffelsalat<\/li>\n<li>Kr\u00e4uterpfannkuchen mit getr\u00fcffeltem Schinken<\/li>\n<li>Schinken-Carpaccio mit B\u00e4rlauch- oder Basilikumcreme und Kirschtomate<\/li>\n<li>bayerischer Krautsalat mit\u00a0deftigem Hackb\u00e4llchen<\/li>\n<li>gekochter Tafelspitz mit Meerrettich- oder Preiselbeerso\u00dfe<\/li>\n<li>Crumble \u2018Nizza-Art\u2019 mit Ziegenk\u00e4secreme<\/li>\n<li>Heindl\u2019s feine Nudelsalate mit Joghurt-Mayonnaise, Essig-\u00d6l oder ital. Art<\/li>\n<li>feiner Curry-Reissalat mit H\u00fchnchen<\/li>\n<li>Schichtsalat<\/li>\n<li>Duo von Gorgonzola und Schinkenspeck<\/li>\n<li>Untergriesbacher Wei\u00dfwurst-Carpaccio mit K\u00fcrbiskernen<\/li>\n<\/ul>\n<p>und vieles mehr\u2026<\/p>\n<\/div>\n<\/div>\n<\/div><\/div><\/div><\/div><\/div><\/div><\/div><\/section>\n","protected":false},"excerpt":{"rendered":"Tortellini-Salat mit Schinken und Erbsen Leberk\u00e4sepl\u00e4tzchen mit Kartoffelsalat Kr\u00e4uterpfannkuchen mit getr\u00fcffeltem Schinken Schinken-Carpaccio mit B\u00e4rlauch- oder Basilikumcreme und Kirschtomate bayerischer Krautsalat mit\u00a0deftigem Hackb\u00e4llchen gekochter Tafelspitz mit Meerrettich- oder Preiselbeerso\u00dfe Crumble \u2018Nizza-Art\u2019 mit Ziegenk\u00e4secreme Heindl\u2019s feine Nudelsalate mit Joghurt-Mayonnaise, Essig-\u00d6l oder ital. Art feiner Curry-Reissalat mit H\u00fchnchen Schichtsalat Duo von Gorgonzola und Schinkenspeck Untergriesbacher Wei\u00dfwurst-Carpaccio mit...","protected":false},"author":2,"featured_media":0,"parent":11,"menu_order":0,"comment_status":"closed","ping_status":"closed","template":"","meta":{"footnotes":""},"class_list":["post-6330","page","type-page","status-publish","hentry"],"yoast_head":"<!-- This site is optimized with the Yoast SEO plugin v19.8 - https:\/\/yoast.com\/wordpress\/plugins\/seo\/ -->\n<title>Gemischtes im Snack-Glas - Metzgerei Heindl GmbH<\/title>\n<meta name=\"robots\" content=\"index, follow, max-snippet:-1, max-image-preview:large, max-video-preview:-1\" \/>\n<link rel=\"canonical\" href=\"https:\/\/www.metzgerei-heindl.de\/index.php\/catering\/snackglas\/\" \/>\n<meta property=\"og:locale\" content=\"de_DE\" \/>\n<meta property=\"og:type\" content=\"article\" \/>\n<meta property=\"og:title\" content=\"Gemischtes im Snack-Glas - Metzgerei Heindl GmbH\" \/>\n<meta property=\"og:url\" content=\"https:\/\/www.metzgerei-heindl.de\/index.php\/catering\/snackglas\/\" \/>\n<meta property=\"og:site_name\" content=\"Metzgerei Heindl GmbH\" \/>\n<meta property=\"article:modified_time\" content=\"2019-11-24T21:02:43+00:00\" \/>\n<meta name=\"twitter:card\" content=\"summary_large_image\" \/>\n<script type=\"application\/ld+json\" class=\"yoast-schema-graph\">{\"@context\":\"https:\/\/schema.org\",\"@graph\":[{\"@type\":\"WebPage\",\"@id\":\"https:\/\/www.metzgerei-heindl.de\/index.php\/catering\/snackglas\/\",\"url\":\"https:\/\/www.metzgerei-heindl.de\/index.php\/catering\/snackglas\/\",\"name\":\"Gemischtes im Snack-Glas - Metzgerei Heindl GmbH\",\"isPartOf\":{\"@id\":\"https:\/\/www.metzgerei-heindl.de\/#website\"},\"datePublished\":\"2019-11-24T20:58:07+00:00\",\"dateModified\":\"2019-11-24T21:02:43+00:00\",\"breadcrumb\":{\"@id\":\"https:\/\/www.metzgerei-heindl.de\/index.php\/catering\/snackglas\/#breadcrumb\"},\"inLanguage\":\"de\",\"potentialAction\":[{\"@type\":\"ReadAction\",\"target\":[\"https:\/\/www.metzgerei-heindl.de\/index.php\/catering\/snackglas\/\"]}]},{\"@type\":\"BreadcrumbList\",\"@id\":\"https:\/\/www.metzgerei-heindl.de\/index.php\/catering\/snackglas\/#breadcrumb\",\"itemListElement\":[{\"@type\":\"ListItem\",\"position\":1,\"name\":\"Startseite\",\"item\":\"https:\/\/www.metzgerei-heindl.de\/\"},{\"@type\":\"ListItem\",\"position\":2,\"name\":\"Catering\",\"item\":\"https:\/\/www.metzgerei-heindl.de\/index.php\/catering\/\"},{\"@type\":\"ListItem\",\"position\":3,\"name\":\"Gemischtes im Snack-Glas\"}]},{\"@type\":\"WebSite\",\"@id\":\"https:\/\/www.metzgerei-heindl.de\/#website\",\"url\":\"https:\/\/www.metzgerei-heindl.de\/\",\"name\":\"Metzgerei Heindl GmbH\",\"description\":\"\",\"potentialAction\":[{\"@type\":\"SearchAction\",\"target\":{\"@type\":\"EntryPoint\",\"urlTemplate\":\"https:\/\/www.metzgerei-heindl.de\/?s={search_term_string}\"},\"query-input\":\"required name=search_term_string\"}],\"inLanguage\":\"de\"}]}<\/script>\n<!-- \/ Yoast SEO plugin. -->","yoast_head_json":{"title":"Gemischtes im Snack-Glas - Metzgerei Heindl GmbH","robots":{"index":"index","follow":"follow","max-snippet":"max-snippet:-1","max-image-preview":"max-image-preview:large","max-video-preview":"max-video-preview:-1"},"canonical":"https:\/\/www.metzgerei-heindl.de\/index.php\/catering\/snackglas\/","og_locale":"de_DE","og_type":"article","og_title":"Gemischtes im Snack-Glas - Metzgerei Heindl GmbH","og_url":"https:\/\/www.metzgerei-heindl.de\/index.php\/catering\/snackglas\/","og_site_name":"Metzgerei Heindl GmbH","article_modified_time":"2019-11-24T21:02:43+00:00","twitter_card":"summary_large_image","schema":{"@context":"https:\/\/schema.org","@graph":[{"@type":"WebPage","@id":"https:\/\/www.metzgerei-heindl.de\/index.php\/catering\/snackglas\/","url":"https:\/\/www.metzgerei-heindl.de\/index.php\/catering\/snackglas\/","name":"Gemischtes im Snack-Glas - Metzgerei Heindl GmbH","isPartOf":{"@id":"https:\/\/www.metzgerei-heindl.de\/#website"},"datePublished":"2019-11-24T20:58:07+00:00","dateModified":"2019-11-24T21:02:43+00:00","breadcrumb":{"@id":"https:\/\/www.metzgerei-heindl.de\/index.php\/catering\/snackglas\/#breadcrumb"},"inLanguage":"de","potentialAction":[{"@type":"ReadAction","target":["https:\/\/www.metzgerei-heindl.de\/index.php\/catering\/snackglas\/"]}]},{"@type":"BreadcrumbList","@id":"https:\/\/www.metzgerei-heindl.de\/index.php\/catering\/snackglas\/#breadcrumb","itemListElement":[{"@type":"ListItem","position":1,"name":"Startseite","item":"https:\/\/www.metzgerei-heindl.de\/"},{"@type":"ListItem","position":2,"name":"Catering","item":"https:\/\/www.metzgerei-heindl.de\/index.php\/catering\/"},{"@type":"ListItem","position":3,"name":"Gemischtes im Snack-Glas"}]},{"@type":"WebSite","@id":"https:\/\/www.metzgerei-heindl.de\/#website","url":"https:\/\/www.metzgerei-heindl.de\/","name":"Metzgerei Heindl GmbH","description":"","potentialAction":[{"@type":"SearchAction","target":{"@type":"EntryPoint","urlTemplate":"https:\/\/www.metzgerei-heindl.de\/?s={search_term_string}"},"query-input":"required name=search_term_string"}],"inLanguage":"de"}]}},"_links":{"self":[{"href":"https:\/\/www.metzgerei-heindl.de\/index.php\/wp-json\/wp\/v2\/pages\/6330","targetHints":{"allow":["GET"]}}],"collection":[{"href":"https:\/\/www.metzgerei-heindl.de\/index.php\/wp-json\/wp\/v2\/pages"}],"about":[{"href":"https:\/\/www.metzgerei-heindl.de\/index.php\/wp-json\/wp\/v2\/types\/page"}],"author":[{"embeddable":true,"href":"https:\/\/www.metzgerei-heindl.de\/index.php\/wp-json\/wp\/v2\/users\/2"}],"replies":[{"embeddable":true,"href":"https:\/\/www.metzgerei-heindl.de\/index.php\/wp-json\/wp\/v2\/comments?post=6330"}],"version-history":[{"count":2,"href":"https:\/\/www.metzgerei-heindl.de\/index.php\/wp-json\/wp\/v2\/pages\/6330\/revisions"}],"predecessor-version":[{"id":6336,"href":"https:\/\/www.metzgerei-heindl.de\/index.php\/wp-json\/wp\/v2\/pages\/6330\/revisions\/6336"}],"up":[{"embeddable":true,"href":"https:\/\/www.metzgerei-heindl.de\/index.php\/wp-json\/wp\/v2\/pages\/11"}],"wp:attachment":[{"href":"https:\/\/www.metzgerei-heindl.de\/index.php\/wp-json\/wp\/v2\/media?parent=6330"}],"curies":[{"name":"wp","href":"https:\/\/api.w.org\/{rel}","templated":true}]}}