{"id":8,"date":"2013-05-31T08:44:43","date_gmt":"2013-05-31T04:44:43","guid":{"rendered":"http:\/\/impreza3.us-themes.com\/"},"modified":"2022-10-18T19:27:45","modified_gmt":"2022-10-18T19:27:45","slug":"home","status":"publish","type":"page","link":"https:\/\/www.metzgerei-heindl.de\/","title":{"rendered":"Start"},"content":{"rendered":"<section class=\"l-section wpb_row us_custom_9ca1c22c height_medium full_height valign_top with_img\"><div class=\"l-section-img\" style=\"background-image: url(https:\/\/www.metzgerei-heindl.de\/wp-content\/uploads\/2019\/08\/Metzgerei_Wurst_Fleisch-1.jpg);background-position: top center;background-repeat: no-repeat;\" data-img-width=\"1500\" data-img-height=\"734\"><\/div><div class=\"l-section-h i-cf\"><div class=\"g-cols vc_row via_flex valign_top type_default stacking_default\" style=\"--additional-gap:10px;\"><div class=\"vc_col-sm-8 wpb_column vc_column_container\"><div class=\"vc_column-inner us_custom_60e9caca us_animate_this\"><div class=\"wpb_wrapper\"><div class=\"w-separator size_small\"><\/div>[vc_raw_js]JTNDc2NyaXB0JTIwc3JjJTNEJTIyaHR0cHMlM0ElMkYlMkZ0YjBjZGQyZjcuZW1haWxzeXMxYS5uZXQlMkZmb3JtJTJGNjglMkY0ODI3JTJGOGE4M2JjYTI3YiUyRnBvcHVwLmpzJTNGX2clM0QxNjY2MTIxMjQ4JTIyJTIwYXN5bmMlM0UlM0MlMkZzY3JpcHQlM0U=[\/vc_raw_js]<\/div><\/div><\/div><div class=\"vc_col-sm-3 wpb_column vc_column_container\"><div class=\"vc_column-inner us_custom_d3c6073d\"><div class=\"wpb_wrapper\"><div class=\"w-image align_none\"><div class=\"w-image-h\"><img loading=\"lazy\" decoding=\"async\" width=\"300\" height=\"300\" src=\"https:\/\/www.metzgerei-heindl.de\/wp-content\/uploads\/2019\/08\/Metzgerei_Partyservice-300x300.png\" class=\"attachment-medium size-medium\" alt=\"\" srcset=\"https:\/\/www.metzgerei-heindl.de\/wp-content\/uploads\/2019\/08\/Metzgerei_Partyservice-300x300.png 300w, https:\/\/www.metzgerei-heindl.de\/wp-content\/uploads\/2019\/08\/Metzgerei_Partyservice-150x150.png 150w, https:\/\/www.metzgerei-heindl.de\/wp-content\/uploads\/2019\/08\/Metzgerei_Partyservice-600x600.png 600w, https:\/\/www.metzgerei-heindl.de\/wp-content\/uploads\/2019\/08\/Metzgerei_Partyservice.png 945w\" sizes=\"auto, (max-width: 300px) 100vw, 300px\" \/><\/div><\/div><div class=\"w-separator size_small\"><\/div><div class=\"w-iconbox us_custom_308d0844 iconpos_left style_default color_primary align_left no_text\"><div class=\"w-iconbox-icon\" style=\"font-size:20px;\"><i class=\"material-icons\">done<\/i><\/div><div class=\"w-iconbox-meta\"><h4 class=\"w-iconbox-title\" style=\"font-size:15px;\">Niederbayerische Qualit\u00e4tsprodukte seit 1889<\/h4><\/div><\/div><div class=\"w-separator size_small\"><\/div><div class=\"w-iconbox us_custom_308d0844 iconpos_left style_default color_primary align_left no_text\"><div class=\"w-iconbox-icon\" style=\"font-size:20px;\"><i class=\"material-icons\">done<\/i><\/div><div class=\"w-iconbox-meta\"><h4 class=\"w-iconbox-title\" style=\"font-size:15px;\">Familienbetrieb in 5. Generation<\/h4><\/div><\/div><div class=\"w-separator size_small\"><\/div><div class=\"w-iconbox us_custom_308d0844 iconpos_left style_default color_primary align_left no_text\"><div class=\"w-iconbox-icon\" style=\"font-size:20px;\"><i class=\"material-icons\">done<\/i><\/div><div class=\"w-iconbox-meta\"><h4 class=\"w-iconbox-title\" style=\"font-size:15px;\">Filialen in Untergriesbach, Passau, Hauzenberg, Obernzell, B\u00fcchlberg und Perlesreut<\/h4><\/div><\/div><div class=\"w-separator size_small\"><\/div><div class=\"w-iconbox us_custom_308d0844 iconpos_left style_default color_primary align_left no_text\"><div class=\"w-iconbox-icon\" style=\"font-size:20px;\"><i class=\"material-icons\">done<\/i><\/div><div class=\"w-iconbox-meta\"><h4 class=\"w-iconbox-title\" style=\"font-size:15px;\">Catering \/ Partyservice<\/h4><\/div><\/div><div class=\"w-separator size_small\"><\/div><\/div><\/div><\/div><div class=\"vc_col-sm-12 wpb_column vc_column_container\"><div class=\"vc_column-inner\"><div class=\"wpb_wrapper\"><\/div><\/div><\/div><\/div><\/div><\/section><section class=\"l-section wpb_row height_huge\"><div class=\"l-section-h i-cf\"><div class=\"g-cols vc_row via_flex valign_top type_default stacking_default\"><div class=\"vc_col-sm-12 wpb_column vc_column_container\"><div class=\"vc_column-inner\"><div class=\"wpb_wrapper\"><div class=\"wpb_text_column\"><div class=\"wpb_wrapper\">\r\n\n<\/div><\/div><div class=\"wpb_text_column\"><div class=\"wpb_wrapper\"><p><strong><a href=\"https:\/\/www.metzgerei-heindl.de\/wp-content\/uploads\/2020\/04\/Metzgerei_Heindl_Bestellformular_2020-1.pdf\">Metzgerei Heindl Bestellformular (hier klicken)<\/a><\/strong><\/p>\n<div class=\"text_exposed_show\">\n<p>&nbsp;<\/p>\n<\/div>\n<\/div><\/div><div class=\"g-cols wpb_row via_flex valign_top type_default stacking_default\" style=\"--additional-gap:35;\"><div class=\"vc_col-sm-6 vc_col-md-3 wpb_column vc_column_container\"><div class=\"vc_column-inner us_custom_60e9caca us_animate_this\"><div class=\"wpb_wrapper\"><div class=\"w-iconbox iconpos_top style_default color_primary align_center\"><a title=\"Catering\" href=\"https:\/\/metzgerei-heindl.de\/index.php\/catering\/\" class=\"w-iconbox-link\" aria-label=\"Catering\"><div class=\"w-iconbox-icon\" style=\"font-size:70px;\"><i class=\"fas fa-drumstick-bite\"><\/i><\/div><\/a><div class=\"w-iconbox-meta\"><a title=\"Catering\" href=\"https:\/\/metzgerei-heindl.de\/index.php\/catering\/\" class=\"w-iconbox-link\" aria-label=\"Catering\"><h4 class=\"w-iconbox-title\">Catering<\/h4><\/a><div class=\"w-iconbox-text\"><p><strong>&#8230; <\/strong><strong>Partyservice<\/strong> oder <strong>Grillfeier &#8211; <\/strong>wir haben f\u00fcr Sie immer das Passende parat!<\/p>\n<\/div><\/div><\/div><\/div><\/div><\/div><div class=\"vc_col-sm-6 vc_col-md-3 wpb_column vc_column_container\"><div class=\"vc_column-inner us_custom_f70d789f us_animate_this\"><div class=\"wpb_wrapper\"><div class=\"w-iconbox iconpos_top style_default color_primary align_center\"><a title=\"Catering\" href=\"https:\/\/metzgerei-heindl.de\/index.php\/mittagsmenues\/\" class=\"w-iconbox-link\" aria-label=\"Mittagsmen\u00fcs\"><div class=\"w-iconbox-icon\" style=\"font-size:70px;\"><i class=\"fas fa-utensils\"><\/i><\/div><\/a><div class=\"w-iconbox-meta\"><a title=\"Catering\" href=\"https:\/\/metzgerei-heindl.de\/index.php\/mittagsmenues\/\" class=\"w-iconbox-link\" aria-label=\"Mittagsmen\u00fcs\"><h4 class=\"w-iconbox-title\">Mittagsmen\u00fcs<\/h4><\/a><div class=\"w-iconbox-text\"><p>Mittagsmen\u00fcs gibt es t\u00e4glich in unseren beiden Filialen in Untergriesbach.<\/p>\n<\/div><\/div><\/div><\/div><\/div><\/div><div class=\"vc_col-sm-6 vc_col-md-3 wpb_column vc_column_container\"><div class=\"vc_column-inner us_custom_1fb8b2dc us_animate_this\"><div class=\"wpb_wrapper\"><div class=\"w-iconbox iconpos_top style_default color_primary align_center\"><a title=\"Verkaufsautomat\" href=\"https:\/\/metzgerei-heindl.de\/index.php\/verkaufsautomat\/\" class=\"w-iconbox-link\" aria-label=\"Hans-Wurst\"><div class=\"w-iconbox-icon\" style=\"font-size:70px;\"><i class=\"fas fa-robot\"><\/i><\/div><\/a><div class=\"w-iconbox-meta\"><a title=\"Verkaufsautomat\" href=\"https:\/\/metzgerei-heindl.de\/index.php\/verkaufsautomat\/\" class=\"w-iconbox-link\" aria-label=\"Hans-Wurst\"><h4 class=\"w-iconbox-title\">Hans-Wurst<\/h4><\/a><div class=\"w-iconbox-text\"><p>Kaufe 24\/7 in unserem Verkaufsautomat in Untergriesbach ein.<\/p>\n<\/div><\/div><\/div><\/div><\/div><\/div><div class=\"vc_col-sm-6 vc_col-md-3 wpb_column vc_column_container\"><div class=\"vc_column-inner us_custom_47d40b1d us_animate_this\"><div class=\"wpb_wrapper\"><div class=\"w-iconbox iconpos_top style_default color_primary align_center\"><a title=\"Jobs\" href=\"https:\/\/metzgerei-heindl.de\/index.php\/jobs\/\" class=\"w-iconbox-link\" aria-label=\"Jobs\"><div class=\"w-iconbox-icon\" style=\"font-size:70px;\"><i class=\"fas fa-user-plus\"><\/i><\/div><\/a><div class=\"w-iconbox-meta\"><a title=\"Jobs\" href=\"https:\/\/metzgerei-heindl.de\/index.php\/jobs\/\" class=\"w-iconbox-link\" aria-label=\"Jobs\"><h4 class=\"w-iconbox-title\">Jobs<\/h4><\/a><div class=\"w-iconbox-text\"><p>Wir stellen ein!<\/p>\n<\/div><\/div><\/div><\/div><\/div><\/div><\/div><\/div><\/div><\/div><\/div><\/div><\/section><section class=\"l-section wpb_row height_large color_primary\"><div class=\"l-section-overlay\" style=\"background:#372e29\"><\/div><div class=\"l-section-h i-cf\"><div class=\"g-cols vc_row via_flex valign_top type_default stacking_default\"><div class=\"vc_col-sm-12 wpb_column vc_column_container\"><div class=\"vc_column-inner us_custom_20a5fb75\"><div class=\"wpb_wrapper\"><div class=\"w-actionbox us_custom_99abae22 color_custom controls_right\"><div class=\"w-actionbox-text\"><h2 class=\"w-actionbox-title\">Kontaktieren Sie uns gerne mit Ihrer Anfrage!<\/h2><\/div><div class=\"w-actionbox-controls\"><a class=\"w-btn us-btn-style_1\" title=\"Kontakt\" href=\"https:\/\/www.metzgerei-heindl.de\/index.php\/kontakt\/\"><span class=\"w-btn-label\">Kontakt<\/span><\/a><\/div><\/div><\/div><\/div><\/div><\/div><\/div><\/section><section class=\"l-section wpb_row height_medium\"><div class=\"l-section-h i-cf\"><div class=\"g-cols vc_row via_flex valign_top type_default stacking_default\"><div class=\"vc_col-sm-12 wpb_column vc_column_container\"><div class=\"vc_column-inner\"><div class=\"wpb_wrapper\"><\/div><\/div><\/div><\/div><\/div><\/section><section class=\"l-section wpb_row height_medium\"><div class=\"l-section-h i-cf\"><div class=\"g-cols vc_row via_flex valign_top type_default stacking_default\"><div class=\"vc_col-sm-12 wpb_column vc_column_container\"><div class=\"vc_column-inner\"><div class=\"wpb_wrapper\"><\/div><\/div><\/div><\/div><\/div><\/section>\n","protected":false},"excerpt":{"rendered":"[vc_raw_js]JTNDc2NyaXB0JTIwc3JjJTNEJTIyaHR0cHMlM0ElMkYlMkZ0YjBjZGQyZjcuZW1haWxzeXMxYS5uZXQlMkZmb3JtJTJGNjglMkY0ODI3JTJGOGE4M2JjYTI3YiUyRnBvcHVwLmpzJTNGX2clM0QxNjY2MTIxMjQ4JTIyJTIwYXN5bmMlM0UlM0MlMkZzY3JpcHQlM0U=[\/vc_raw_js]doneNiederbayerische Qualit\u00e4tsprodukte seit 1889doneFamilienbetrieb in 5. GenerationdoneFilialen in Untergriesbach, Passau, Hauzenberg, Obernzell, B\u00fcchlberg und PerlesreutdoneCatering \/ Partyservice Metzgerei Heindl Bestellformular (hier klicken) &nbsp; Catering... Partyservice oder Grillfeier - wir haben f\u00fcr Sie immer das Passende parat! Mittagsmen\u00fcsMittagsmen\u00fcs gibt es t\u00e4glich in unseren beiden Filialen in Untergriesbach. Hans-WurstKaufe 24\/7 in unserem Verkaufsautomat in Untergriesbach ein. JobsWir...","protected":false},"author":2,"featured_media":0,"parent":0,"menu_order":0,"comment_status":"closed","ping_status":"closed","template":"","meta":{"footnotes":""},"class_list":["post-8","page","type-page","status-publish","hentry"],"yoast_head":"<!-- This site is optimized with the Yoast SEO plugin v19.8 - https:\/\/yoast.com\/wordpress\/plugins\/seo\/ -->\n<title>Metzgerei Heindl - Pr\u00e4mierte Niederbayerische Qualit\u00e4tsprodukte seit 1889<\/title>\n<meta name=\"description\" content=\"Familienbetrieb in 5. Generation - Filialen in Untergriesbach, Passau, Hauzenberg, Obernzell, B\u00fcchlberg, Perlesreut - Catering Partyservice\" \/>\n<meta name=\"robots\" content=\"index, follow, max-snippet:-1, max-image-preview:large, max-video-preview:-1\" \/>\n<link rel=\"canonical\" href=\"https:\/\/www.metzgerei-heindl.de\/\" \/>\n<meta property=\"og:locale\" content=\"de_DE\" \/>\n<meta property=\"og:type\" content=\"article\" \/>\n<meta property=\"og:title\" content=\"Metzgerei Heindl - Pr\u00e4mierte Niederbayerische Qualit\u00e4tsprodukte seit 1889\" \/>\n<meta property=\"og:description\" content=\"Familienbetrieb in 5. Generation - Filialen in Untergriesbach, Passau, Hauzenberg, Obernzell, B\u00fcchlberg, Perlesreut - Catering Partyservice\" \/>\n<meta property=\"og:url\" content=\"https:\/\/www.metzgerei-heindl.de\/\" \/>\n<meta property=\"og:site_name\" content=\"Metzgerei Heindl GmbH\" \/>\n<meta property=\"article:modified_time\" content=\"2022-10-18T19:27:45+00:00\" \/>\n<meta name=\"twitter:card\" content=\"summary_large_image\" \/>\n<meta name=\"twitter:label1\" content=\"Gesch\u00e4tzte Lesezeit\" \/>\n\t<meta name=\"twitter:data1\" content=\"2\u00a0Minuten\" \/>\n<script type=\"application\/ld+json\" class=\"yoast-schema-graph\">{\"@context\":\"https:\/\/schema.org\",\"@graph\":[{\"@type\":\"WebPage\",\"@id\":\"https:\/\/www.metzgerei-heindl.de\/\",\"url\":\"https:\/\/www.metzgerei-heindl.de\/\",\"name\":\"Metzgerei Heindl - Pr\u00e4mierte Niederbayerische Qualit\u00e4tsprodukte seit 1889\",\"isPartOf\":{\"@id\":\"https:\/\/www.metzgerei-heindl.de\/#website\"},\"datePublished\":\"2013-05-31T04:44:43+00:00\",\"dateModified\":\"2022-10-18T19:27:45+00:00\",\"description\":\"Familienbetrieb in 5. Generation - Filialen in Untergriesbach, Passau, Hauzenberg, Obernzell, B\u00fcchlberg, Perlesreut - Catering Partyservice\",\"breadcrumb\":{\"@id\":\"https:\/\/www.metzgerei-heindl.de\/#breadcrumb\"},\"inLanguage\":\"de\",\"potentialAction\":[{\"@type\":\"ReadAction\",\"target\":[\"https:\/\/www.metzgerei-heindl.de\/\"]}]},{\"@type\":\"BreadcrumbList\",\"@id\":\"https:\/\/www.metzgerei-heindl.de\/#breadcrumb\",\"itemListElement\":[{\"@type\":\"ListItem\",\"position\":1,\"name\":\"Startseite\",\"item\":\"https:\/\/www.metzgerei-heindl.de\/\"},{\"@type\":\"ListItem\",\"position\":2,\"name\":\"Start\"}]},{\"@type\":\"WebSite\",\"@id\":\"https:\/\/www.metzgerei-heindl.de\/#website\",\"url\":\"https:\/\/www.metzgerei-heindl.de\/\",\"name\":\"Metzgerei Heindl GmbH\",\"description\":\"\",\"potentialAction\":[{\"@type\":\"SearchAction\",\"target\":{\"@type\":\"EntryPoint\",\"urlTemplate\":\"https:\/\/www.metzgerei-heindl.de\/?s={search_term_string}\"},\"query-input\":\"required name=search_term_string\"}],\"inLanguage\":\"de\"}]}<\/script>\n<!-- \/ Yoast SEO plugin. -->","yoast_head_json":{"title":"Metzgerei Heindl - Pr\u00e4mierte Niederbayerische Qualit\u00e4tsprodukte seit 1889","description":"Familienbetrieb in 5. Generation - Filialen in Untergriesbach, Passau, Hauzenberg, Obernzell, B\u00fcchlberg, Perlesreut - Catering Partyservice","robots":{"index":"index","follow":"follow","max-snippet":"max-snippet:-1","max-image-preview":"max-image-preview:large","max-video-preview":"max-video-preview:-1"},"canonical":"https:\/\/www.metzgerei-heindl.de\/","og_locale":"de_DE","og_type":"article","og_title":"Metzgerei Heindl - Pr\u00e4mierte Niederbayerische Qualit\u00e4tsprodukte seit 1889","og_description":"Familienbetrieb in 5. Generation - Filialen in Untergriesbach, Passau, Hauzenberg, Obernzell, B\u00fcchlberg, Perlesreut - Catering Partyservice","og_url":"https:\/\/www.metzgerei-heindl.de\/","og_site_name":"Metzgerei Heindl GmbH","article_modified_time":"2022-10-18T19:27:45+00:00","twitter_card":"summary_large_image","twitter_misc":{"Gesch\u00e4tzte Lesezeit":"2\u00a0Minuten"},"schema":{"@context":"https:\/\/schema.org","@graph":[{"@type":"WebPage","@id":"https:\/\/www.metzgerei-heindl.de\/","url":"https:\/\/www.metzgerei-heindl.de\/","name":"Metzgerei Heindl - Pr\u00e4mierte Niederbayerische Qualit\u00e4tsprodukte seit 1889","isPartOf":{"@id":"https:\/\/www.metzgerei-heindl.de\/#website"},"datePublished":"2013-05-31T04:44:43+00:00","dateModified":"2022-10-18T19:27:45+00:00","description":"Familienbetrieb in 5. Generation - Filialen in Untergriesbach, Passau, Hauzenberg, Obernzell, B\u00fcchlberg, Perlesreut - Catering Partyservice","breadcrumb":{"@id":"https:\/\/www.metzgerei-heindl.de\/#breadcrumb"},"inLanguage":"de","potentialAction":[{"@type":"ReadAction","target":["https:\/\/www.metzgerei-heindl.de\/"]}]},{"@type":"BreadcrumbList","@id":"https:\/\/www.metzgerei-heindl.de\/#breadcrumb","itemListElement":[{"@type":"ListItem","position":1,"name":"Startseite","item":"https:\/\/www.metzgerei-heindl.de\/"},{"@type":"ListItem","position":2,"name":"Start"}]},{"@type":"WebSite","@id":"https:\/\/www.metzgerei-heindl.de\/#website","url":"https:\/\/www.metzgerei-heindl.de\/","name":"Metzgerei Heindl GmbH","description":"","potentialAction":[{"@type":"SearchAction","target":{"@type":"EntryPoint","urlTemplate":"https:\/\/www.metzgerei-heindl.de\/?s={search_term_string}"},"query-input":"required name=search_term_string"}],"inLanguage":"de"}]}},"_links":{"self":[{"href":"https:\/\/www.metzgerei-heindl.de\/index.php\/wp-json\/wp\/v2\/pages\/8","targetHints":{"allow":["GET"]}}],"collection":[{"href":"https:\/\/www.metzgerei-heindl.de\/index.php\/wp-json\/wp\/v2\/pages"}],"about":[{"href":"https:\/\/www.metzgerei-heindl.de\/index.php\/wp-json\/wp\/v2\/types\/page"}],"author":[{"embeddable":true,"href":"https:\/\/www.metzgerei-heindl.de\/index.php\/wp-json\/wp\/v2\/users\/2"}],"replies":[{"embeddable":true,"href":"https:\/\/www.metzgerei-heindl.de\/index.php\/wp-json\/wp\/v2\/comments?post=8"}],"version-history":[{"count":117,"href":"https:\/\/www.metzgerei-heindl.de\/index.php\/wp-json\/wp\/v2\/pages\/8\/revisions"}],"predecessor-version":[{"id":6439,"href":"https:\/\/www.metzgerei-heindl.de\/index.php\/wp-json\/wp\/v2\/pages\/8\/revisions\/6439"}],"wp:attachment":[{"href":"https:\/\/www.metzgerei-heindl.de\/index.php\/wp-json\/wp\/v2\/media?parent=8"}],"curies":[{"name":"wp","href":"https:\/\/api.w.org\/{rel}","templated":true}]}}